{"id":116,"date":"2023-12-08T14:18:54","date_gmt":"2023-12-08T17:18:54","guid":{"rendered":"https:\/\/historiadapsicologia.com.br\/?page_id=116"},"modified":"2026-02-04T16:07:30","modified_gmt":"2026-02-04T19:07:30","slug":"portal-hp","status":"publish","type":"page","link":"https:\/\/historiadapsicologia.com.br\/","title":{"rendered":"Portal HP"},"content":{"rendered":"\t\t<div data-elementor-type=\"wp-page\" data-elementor-id=\"116\" class=\"elementor elementor-116\">\n\t\t\t\t<div class=\"elementor-element elementor-element-6eaef17 e-flex e-con-boxed e-con e-parent\" data-id=\"6eaef17\" data-element_type=\"container\" data-e-type=\"container\">\n\t\t\t\t\t<div class=\"e-con-inner\">\n\t\t\t\t<div class=\"elementor-element elementor-element-0147152 elementor-widget elementor-widget-image\" data-id=\"0147152\" data-element_type=\"widget\" data-e-type=\"widget\" data-widget_type=\"image.default\">\n\t\t\t\t<div class=\"elementor-widget-container\">\n\t\t\t\t\t\t\t\t\t\t\t\t\t\t\t<img fetchpriority=\"high\" decoding=\"async\" width=\"768\" height=\"402\" src=\"https:\/\/historiadapsicologia.com.br\/wp-content\/uploads\/2023\/12\/20230417_094452-768x402.jpg\" class=\"attachment-medium_large size-medium_large wp-image-123\" alt=\"\" srcset=\"https:\/\/historiadapsicologia.com.br\/wp-content\/uploads\/2023\/12\/20230417_094452-768x402.jpg 768w, https:\/\/historiadapsicologia.com.br\/wp-content\/uploads\/2023\/12\/20230417_094452-300x157.jpg 300w, https:\/\/historiadapsicologia.com.br\/wp-content\/uploads\/2023\/12\/20230417_094452-1024x536.jpg 1024w, https:\/\/historiadapsicologia.com.br\/wp-content\/uploads\/2023\/12\/20230417_094452.jpg 1077w\" sizes=\"(max-width: 768px) 100vw, 768px\" \/>\t\t\t\t\t\t\t\t\t\t\t\t\t\t\t<\/div>\n\t\t\t\t<\/div>\n\t\t\t\t\t<\/div>\n\t\t\t\t<\/div>\n\t\t<div class=\"elementor-element elementor-element-e499454 e-flex e-con-boxed e-con e-parent\" data-id=\"e499454\" data-element_type=\"container\" data-e-type=\"container\">\n\t\t\t\t\t<div class=\"e-con-inner\">\n\t\t\t\t<div class=\"elementor-element elementor-element-8fcb2c3 elementor-widget__width-inherit elementor-widget-divider--view-line elementor-widget elementor-widget-divider\" data-id=\"8fcb2c3\" data-element_type=\"widget\" data-e-type=\"widget\" data-widget_type=\"divider.default\">\n\t\t\t\t<div class=\"elementor-widget-container\">\n\t\t\t\t\t\t\t<div class=\"elementor-divider\">\n\t\t\t<span class=\"elementor-divider-separator\">\n\t\t\t\t\t\t<\/span>\n\t\t<\/div>\n\t\t\t\t\t\t<\/div>\n\t\t\t\t<\/div>\n\t\t\t\t\t<\/div>\n\t\t\t\t<\/div>\n\t\t<div class=\"elementor-element elementor-element-f9dcb3f e-flex e-con-boxed e-con e-parent\" data-id=\"f9dcb3f\" data-element_type=\"container\" data-e-type=\"container\">\n\t\t\t\t\t<div class=\"e-con-inner\">\n\t\t\t\t<div class=\"elementor-element elementor-element-44b1a24 elementor-widget elementor-widget-heading\" data-id=\"44b1a24\" data-element_type=\"widget\" data-e-type=\"widget\" data-widget_type=\"heading.default\">\n\t\t\t\t<div class=\"elementor-widget-container\">\n\t\t\t\t\t<h2 class=\"elementor-heading-title elementor-size-default\">A Sociedade Interamericana de Psicologia contemplou o Portal Hist\u00f3ria da Psicologia com o \"Pr\u00eamio Manoel Bomfim\" de Divulga\u00e7\u00e3o Cient\u00edfica<\/h2>\t\t\t\t<\/div>\n\t\t\t\t<\/div>\n\t\t\t\t\t<\/div>\n\t\t\t\t<\/div>\n\t\t<div class=\"elementor-element elementor-element-17a5b00 e-con-full e-flex e-con e-parent\" data-id=\"17a5b00\" data-element_type=\"container\" data-e-type=\"container\" data-settings=\"{&quot;background_background&quot;:&quot;classic&quot;}\">\n\t\t\t\t<div class=\"elementor-element elementor-element-96eec2a elementor-widget__width-initial elementor-widget elementor-widget-text-editor\" data-id=\"96eec2a\" data-element_type=\"widget\" data-e-type=\"widget\" data-widget_type=\"text-editor.default\">\n\t\t\t\t<div class=\"elementor-widget-container\">\n\t\t\t\t\t\t\t\t\t<h2>BREVE APRESENTA\u00c7\u00c3O DO PORTAL HP<\/h2><p><span data-contrast=\"auto\">O Portal Hist\u00f3ria da Psicologia \u00e9 um projeto de integra\u00e7\u00e3o entre ensino, pesquisa e extens\u00e3o vinculado ao Departamento de Psicologia da Universidade Federal Fluminense (UFF) em Rio das Ostras.<\/span><\/p>\t\t\t\t\t\t\t\t<\/div>\n\t\t\t\t<\/div>\n\t\t\t\t<\/div>\n\t\t<div class=\"elementor-element elementor-element-e4a1466 e-flex e-con-boxed e-con e-parent\" data-id=\"e4a1466\" data-element_type=\"container\" data-e-type=\"container\" data-settings=\"{&quot;background_background&quot;:&quot;classic&quot;}\">\n\t\t\t\t\t<div class=\"e-con-inner\">\n\t\t\t\t<div class=\"elementor-element elementor-element-1c018b2 elementor-widget elementor-widget-text-editor\" data-id=\"1c018b2\" data-element_type=\"widget\" data-e-type=\"widget\" data-widget_type=\"text-editor.default\">\n\t\t\t\t<div class=\"elementor-widget-container\">\n\t\t\t\t\t\t\t\t\t<p><span data-contrast=\"auto\">O projeto foi criado e \u00e9 gerenciado pelo Prof. Andr\u00e9 Elias Morelli Ribeiro, da Universidade Federal Fluminense, campus de Rio das Ostras. O projeto conta com a colabora\u00e7\u00e3o de amigos da Universidade Federal do Rio de Janeiro e da Universidade Federal Fluminense.<br \/><br \/><\/span><\/p><p><span style=\"font-style: inherit; font-weight: inherit; color: var( --e-global-color-astglobalcolor2 ); background-color: var( --e-global-color-astglobalcolor5 );\">Os produtos associados ao Portal visam a produ\u00e7\u00e3o e difus\u00e3o do conhecimento em hist\u00f3ria da psicologia. Para isso conta com este website, a Enciclop\u00e9dia Eletr\u00f4nica de Hist\u00f3ria da Psicologia (WikiHP), o Canal Hist\u00f3ria da Psicologia TV, a Editora do Portal Hist\u00f3ria da Psicologia, o Sistema de Refer\u00eancias em Hist\u00f3ria da Psicologia, al\u00e9m de divulgar suas a\u00e7\u00f5es nas redes sociais. O site est\u00e1 armazenado em um servidor privado, \u00e9 mantido com doa\u00e7\u00f5es e conta com apoio institucional e recursos da Universidade Federal Fluminense.<\/span><\/p><p><span data-contrast=\"auto\">Conhe\u00e7a mais os nossos produtos e projetos, navegando no menu acima.<\/span><span data-ccp-props=\"{&quot;201341983&quot;:0,&quot;335559739&quot;:160,&quot;335559740&quot;:259}\">\u00a0<\/span><\/p>\t\t\t\t\t\t\t\t<\/div>\n\t\t\t\t<\/div>\n\t\t\t\t\t<\/div>\n\t\t\t\t<\/div>\n\t\t\t\t<\/div>\n\t\t","protected":false},"excerpt":{"rendered":"<p>A Sociedade Interamericana de Psicologia contemplou o Portal Hist\u00f3ria da Psicologia com o &#8220;Pr\u00eamio Manoel Bomfim&#8221; de Divulga\u00e7\u00e3o Cient\u00edfica BREVE APRESENTA\u00c7\u00c3O DO PORTAL HP O Portal Hist\u00f3ria da Psicologia \u00e9 um projeto de integra\u00e7\u00e3o entre ensino, pesquisa e extens\u00e3o vinculado ao Departamento de Psicologia da Universidade Federal Fluminense (UFF) em Rio das Ostras. O projeto [&hellip;]<\/p>\n","protected":false},"author":2,"featured_media":0,"parent":0,"menu_order":0,"comment_status":"closed","ping_status":"closed","template":"","meta":{"_eb_attr":"","om_disable_all_campaigns":false,"_monsterinsights_skip_tracking":false,"_monsterinsights_sitenote_active":false,"_monsterinsights_sitenote_note":"","_monsterinsights_sitenote_category":0,"_uf_show_specific_survey":0,"_uf_disable_surveys":false,"site-sidebar-layout":"no-sidebar","site-content-layout":"","ast-site-content-layout":"full-width-container","site-content-style":"default","site-sidebar-style":"default","ast-global-header-display":"","ast-banner-title-visibility":"","ast-main-header-display":"","ast-hfb-above-header-display":"","ast-hfb-below-header-display":"","ast-hfb-mobile-header-display":"","site-post-title":"disabled","ast-breadcrumbs-content":"","ast-featured-img":"disabled","footer-sml-layout":"","theme-transparent-header-meta":"","adv-header-id-meta":"","stick-header-meta":"","header-above-stick-meta":"","header-main-stick-meta":"","header-below-stick-meta":"","astra-migrate-meta-layouts":"default","ast-page-background-enabled":"default","ast-page-background-meta":{"desktop":{"background-color":"var(--ast-global-color-4)","background-image":"","background-repeat":"repeat","background-position":"center center","background-size":"auto","background-attachment":"scroll","background-type":"","background-media":"","overlay-type":"","overlay-color":"","overlay-opacity":"","overlay-gradient":""},"tablet":{"background-color":"","background-image":"","background-repeat":"repeat","background-position":"center center","background-size":"auto","background-attachment":"scroll","background-type":"","background-media":"","overlay-type":"","overlay-color":"","overlay-opacity":"","overlay-gradient":""},"mobile":{"background-color":"","background-image":"","background-repeat":"repeat","background-position":"center center","background-size":"auto","background-attachment":"scroll","background-type":"","background-media":"","overlay-type":"","overlay-color":"","overlay-opacity":"","overlay-gradient":""}},"ast-content-background-meta":{"desktop":{"background-color":"var(--ast-global-color-5)","background-image":"","background-repeat":"repeat","background-position":"center center","background-size":"auto","background-attachment":"scroll","background-type":"","background-media":"","overlay-type":"","overlay-color":"","overlay-opacity":"","overlay-gradient":""},"tablet":{"background-color":"var(--ast-global-color-5)","background-image":"","background-repeat":"repeat","background-position":"center center","background-size":"auto","background-attachment":"scroll","background-type":"","background-media":"","overlay-type":"","overlay-color":"","overlay-opacity":"","overlay-gradient":""},"mobile":{"background-color":"var(--ast-global-color-5)","background-image":"","background-repeat":"repeat","background-position":"center center","background-size":"auto","background-attachment":"scroll","background-type":"","background-media":"","overlay-type":"","overlay-color":"","overlay-opacity":"","overlay-gradient":""}},"footnotes":""},"class_list":["post-116","page","type-page","status-publish","hentry"],"aioseo_notices":[],"_links":{"self":[{"href":"https:\/\/historiadapsicologia.com.br\/index.php\/wp-json\/wp\/v2\/pages\/116","targetHints":{"allow":["GET"]}}],"collection":[{"href":"https:\/\/historiadapsicologia.com.br\/index.php\/wp-json\/wp\/v2\/pages"}],"about":[{"href":"https:\/\/historiadapsicologia.com.br\/index.php\/wp-json\/wp\/v2\/types\/page"}],"author":[{"embeddable":true,"href":"https:\/\/historiadapsicologia.com.br\/index.php\/wp-json\/wp\/v2\/users\/2"}],"replies":[{"embeddable":true,"href":"https:\/\/historiadapsicologia.com.br\/index.php\/wp-json\/wp\/v2\/comments?post=116"}],"version-history":[{"count":127,"href":"https:\/\/historiadapsicologia.com.br\/index.php\/wp-json\/wp\/v2\/pages\/116\/revisions"}],"predecessor-version":[{"id":2327,"href":"https:\/\/historiadapsicologia.com.br\/index.php\/wp-json\/wp\/v2\/pages\/116\/revisions\/2327"}],"wp:attachment":[{"href":"https:\/\/historiadapsicologia.com.br\/index.php\/wp-json\/wp\/v2\/media?parent=116"}],"curies":[{"name":"wp","href":"https:\/\/api.w.org\/{rel}","templated":true}]}}