{"id":2329,"date":"2026-02-04T16:10:23","date_gmt":"2026-02-04T19:10:23","guid":{"rendered":"https:\/\/historiadapsicologia.com.br\/?page_id=2329"},"modified":"2026-02-04T16:11:16","modified_gmt":"2026-02-04T19:11:16","slug":"encontros-hp","status":"publish","type":"page","link":"https:\/\/historiadapsicologia.com.br\/index.php\/encontros-hp\/","title":{"rendered":"Encontros HP"},"content":{"rendered":"\t\t<div data-elementor-type=\"wp-page\" data-elementor-id=\"2329\" class=\"elementor elementor-2329\">\n\t\t\t\t<div class=\"elementor-element elementor-element-2920895d e-flex e-con-boxed e-con e-parent\" data-id=\"2920895d\" data-element_type=\"container\" data-e-type=\"container\" data-settings=\"{&quot;background_background&quot;:&quot;classic&quot;}\">\n\t\t\t\t\t<div class=\"e-con-inner\">\n\t\t\t\t<div class=\"elementor-element elementor-element-73a71786 elementor-widget elementor-widget-heading\" data-id=\"73a71786\" data-element_type=\"widget\" data-e-type=\"widget\" data-widget_type=\"heading.default\">\n\t\t\t\t<div class=\"elementor-widget-container\">\n\t\t\t\t\t<h1 class=\"elementor-heading-title elementor-size-xl\">Encontros HP<\/h1>\t\t\t\t<\/div>\n\t\t\t\t<\/div>\n\t\t\t\t\t<\/div>\n\t\t\t\t<\/div>\n\t\t<div class=\"elementor-element elementor-element-d57a80a e-flex e-con-boxed e-con e-parent\" data-id=\"d57a80a\" data-element_type=\"container\" data-e-type=\"container\">\n\t\t\t\t\t<div class=\"e-con-inner\">\n\t\t\t\t<div class=\"elementor-element elementor-element-a47dbea elementor-widget-divider--view-line elementor-widget elementor-widget-divider\" data-id=\"a47dbea\" data-element_type=\"widget\" data-e-type=\"widget\" data-widget_type=\"divider.default\">\n\t\t\t\t<div class=\"elementor-widget-container\">\n\t\t\t\t\t\t\t<div class=\"elementor-divider\">\n\t\t\t<span class=\"elementor-divider-separator\">\n\t\t\t\t\t\t<\/span>\n\t\t<\/div>\n\t\t\t\t\t\t<\/div>\n\t\t\t\t<\/div>\n\t\t\t\t\t<\/div>\n\t\t\t\t<\/div>\n\t\t<div class=\"elementor-element elementor-element-df9d6d3 e-flex e-con-boxed e-con e-parent\" data-id=\"df9d6d3\" data-element_type=\"container\" data-e-type=\"container\">\n\t\t\t\t\t<div class=\"e-con-inner\">\n\t\t<div class=\"elementor-element elementor-element-cec2f8e e-con-full e-flex e-con e-child\" data-id=\"cec2f8e\" data-element_type=\"container\" data-e-type=\"container\" data-settings=\"{&quot;background_background&quot;:&quot;classic&quot;}\">\n\t\t\t\t<div class=\"elementor-element elementor-element-ef7fcdf elementor-widget elementor-widget-text-editor\" data-id=\"ef7fcdf\" data-element_type=\"widget\" data-e-type=\"widget\" data-widget_type=\"text-editor.default\">\n\t\t\t\t<div class=\"elementor-widget-container\">\n\t\t\t\t\t\t\t\t\t<p>ATIVIDADE DE GREVE<\/p><p>Encontros HP 6: Psicopatia, sociopatia e serial killers: o que realmente forma uma mente criminosa?<\/p><p>25 de junho de 2024, \u00e0s 14:00, na Sala do Portal (pr\u00e9dio novo), Instituto de Humanidades e Sa\u00fade de Rio das Ostras<\/p><p>Inscri\u00e7\u00f5es <a href=\"https:\/\/docs.google.com\/forms\/d\/1yVoKznF8DfAY2s78yzwsnZRkkYM6lH97kSHVsF4Z28k\/edit\" target=\"_blank\" rel=\"noopener\">aqui<\/a><\/p>\t\t\t\t\t\t\t\t<\/div>\n\t\t\t\t<\/div>\n\t\t\t\t<\/div>\n\t\t<div class=\"elementor-element elementor-element-cb9d1bd e-con-full e-flex e-con e-child\" data-id=\"cb9d1bd\" data-element_type=\"container\" data-e-type=\"container\">\n\t\t\t\t<div class=\"elementor-element elementor-element-909dd36 elementor-widget elementor-widget-image\" data-id=\"909dd36\" data-element_type=\"widget\" data-e-type=\"widget\" data-widget_type=\"image.default\">\n\t\t\t\t<div class=\"elementor-widget-container\">\n\t\t\t\t\t\t\t\t\t\t\t\t\t\t\t<img fetchpriority=\"high\" decoding=\"async\" width=\"1024\" height=\"1024\" src=\"https:\/\/historiadapsicologia.com.br\/wp-content\/uploads\/2024\/06\/Encontros-HP-6-psicopatia-e-serial-killers-1024x1024.jpg\" class=\"attachment-large size-large wp-image-1565\" alt=\"Psicopatia e serial killers\" srcset=\"https:\/\/historiadapsicologia.com.br\/wp-content\/uploads\/2024\/06\/Encontros-HP-6-psicopatia-e-serial-killers-1024x1024.jpg 1024w, https:\/\/historiadapsicologia.com.br\/wp-content\/uploads\/2024\/06\/Encontros-HP-6-psicopatia-e-serial-killers-300x300.jpg 300w, https:\/\/historiadapsicologia.com.br\/wp-content\/uploads\/2024\/06\/Encontros-HP-6-psicopatia-e-serial-killers-150x150.jpg 150w, https:\/\/historiadapsicologia.com.br\/wp-content\/uploads\/2024\/06\/Encontros-HP-6-psicopatia-e-serial-killers-768x768.jpg 768w, https:\/\/historiadapsicologia.com.br\/wp-content\/uploads\/2024\/06\/Encontros-HP-6-psicopatia-e-serial-killers.jpg 1080w\" sizes=\"(max-width: 1024px) 100vw, 1024px\" \/>\t\t\t\t\t\t\t\t\t\t\t\t\t\t\t<\/div>\n\t\t\t\t<\/div>\n\t\t\t\t<\/div>\n\t\t\t\t\t<\/div>\n\t\t\t\t<\/div>\n\t\t<div class=\"elementor-element elementor-element-196d253 e-flex e-con-boxed e-con e-parent\" data-id=\"196d253\" data-element_type=\"container\" data-e-type=\"container\">\n\t\t\t\t\t<div class=\"e-con-inner\">\n\t\t<div class=\"elementor-element elementor-element-16537a5 e-con-full e-flex e-con e-child\" data-id=\"16537a5\" data-element_type=\"container\" data-e-type=\"container\" data-settings=\"{&quot;background_background&quot;:&quot;classic&quot;}\">\n\t\t\t\t<div class=\"elementor-element elementor-element-20622c5 elementor-widget elementor-widget-text-editor\" data-id=\"20622c5\" data-element_type=\"widget\" data-e-type=\"widget\" data-widget_type=\"text-editor.default\">\n\t\t\t\t<div class=\"elementor-widget-container\">\n\t\t\t\t\t\t\t\t\t<p>ATIVIDADE DE GREVE<\/p><p>Encontros HP 5: Terraplanistas, reptilianos, ca\u00e7adores de alien\u00edgenas: grupos de teorias\u00a0da\u00a0conspira\u00e7\u00e3o<\/p><p>18 de junho de 2024, \u00e0s 14:0, na Sala do Portal (pr\u00e9dio novo), Instituto de Humanidades e Sa\u00fade de Rio das Ostras<\/p><p>Inscri\u00e7\u00f5es <a href=\"https:\/\/forms.gle\/324zXUHYYatjBtHg6\" target=\"_blank\" rel=\"noopener\">aqui<\/a><\/p>\t\t\t\t\t\t\t\t<\/div>\n\t\t\t\t<\/div>\n\t\t\t\t<\/div>\n\t\t<div class=\"elementor-element elementor-element-681be4b e-con-full e-flex e-con e-child\" data-id=\"681be4b\" data-element_type=\"container\" data-e-type=\"container\">\n\t\t\t\t<div class=\"elementor-element elementor-element-63ce7c5 elementor-widget elementor-widget-image\" data-id=\"63ce7c5\" data-element_type=\"widget\" data-e-type=\"widget\" data-widget_type=\"image.default\">\n\t\t\t\t<div class=\"elementor-widget-container\">\n\t\t\t\t\t\t\t\t\t\t\t\t\t\t\t<img decoding=\"async\" width=\"1024\" height=\"1024\" src=\"https:\/\/historiadapsicologia.com.br\/wp-content\/uploads\/2024\/06\/Encontros-HP-5-1024x1024.jpg\" class=\"attachment-large size-large wp-image-1560\" alt=\"Teorias da conspira\u00e7\u00e3o\" srcset=\"https:\/\/historiadapsicologia.com.br\/wp-content\/uploads\/2024\/06\/Encontros-HP-5-1024x1024.jpg 1024w, https:\/\/historiadapsicologia.com.br\/wp-content\/uploads\/2024\/06\/Encontros-HP-5-300x300.jpg 300w, https:\/\/historiadapsicologia.com.br\/wp-content\/uploads\/2024\/06\/Encontros-HP-5-150x150.jpg 150w, https:\/\/historiadapsicologia.com.br\/wp-content\/uploads\/2024\/06\/Encontros-HP-5-768x768.jpg 768w, https:\/\/historiadapsicologia.com.br\/wp-content\/uploads\/2024\/06\/Encontros-HP-5.jpg 1080w\" sizes=\"(max-width: 1024px) 100vw, 1024px\" \/>\t\t\t\t\t\t\t\t\t\t\t\t\t\t\t<\/div>\n\t\t\t\t<\/div>\n\t\t\t\t<\/div>\n\t\t\t\t\t<\/div>\n\t\t\t\t<\/div>\n\t\t<div class=\"elementor-element elementor-element-f5f2c0e e-flex e-con-boxed e-con e-parent\" data-id=\"f5f2c0e\" data-element_type=\"container\" data-e-type=\"container\">\n\t\t\t\t\t<div class=\"e-con-inner\">\n\t\t<div class=\"elementor-element elementor-element-a043890 e-con-full e-flex e-con e-child\" data-id=\"a043890\" data-element_type=\"container\" data-e-type=\"container\" data-settings=\"{&quot;background_background&quot;:&quot;classic&quot;}\">\n\t\t\t\t<div class=\"elementor-element elementor-element-43e7d22 elementor-widget elementor-widget-text-editor\" data-id=\"43e7d22\" data-element_type=\"widget\" data-e-type=\"widget\" data-widget_type=\"text-editor.default\">\n\t\t\t\t<div class=\"elementor-widget-container\">\n\t\t\t\t\t\t\t\t\t<p>ATIVIDADE DE GREVE<\/p><p>Encontros HP 4: estrat\u00e9gias e consequ\u00eancias por tr\u00e1s das seitas<\/p><p>11 de junho de 2024, \u00e0s 14:0, na Sala do Portal (pr\u00e9dio novo), Instituto de Humanidades e Sa\u00fade de Rio das Ostras<\/p><p>Inscri\u00e7\u00f5es <a href=\"https:\/\/forms.gle\/mco9dVtq3yDPU1k1A\" target=\"_blank\" rel=\"noopener\">aqui<\/a><\/p>\t\t\t\t\t\t\t\t<\/div>\n\t\t\t\t<\/div>\n\t\t\t\t<\/div>\n\t\t<div class=\"elementor-element elementor-element-9ebd1af e-con-full e-flex e-con e-child\" data-id=\"9ebd1af\" data-element_type=\"container\" data-e-type=\"container\">\n\t\t\t\t<div class=\"elementor-element elementor-element-4440533 elementor-widget elementor-widget-image\" data-id=\"4440533\" data-element_type=\"widget\" data-e-type=\"widget\" data-widget_type=\"image.default\">\n\t\t\t\t<div class=\"elementor-widget-container\">\n\t\t\t\t\t\t\t\t\t\t\t\t\t\t\t<img decoding=\"async\" width=\"1024\" height=\"1024\" src=\"https:\/\/historiadapsicologia.com.br\/wp-content\/uploads\/2024\/06\/Encontros-HP-4-Seitas-1024x1024.jpg\" class=\"attachment-large size-large wp-image-1555\" alt=\"\" srcset=\"https:\/\/historiadapsicologia.com.br\/wp-content\/uploads\/2024\/06\/Encontros-HP-4-Seitas-1024x1024.jpg 1024w, https:\/\/historiadapsicologia.com.br\/wp-content\/uploads\/2024\/06\/Encontros-HP-4-Seitas-300x300.jpg 300w, https:\/\/historiadapsicologia.com.br\/wp-content\/uploads\/2024\/06\/Encontros-HP-4-Seitas-150x150.jpg 150w, https:\/\/historiadapsicologia.com.br\/wp-content\/uploads\/2024\/06\/Encontros-HP-4-Seitas-768x768.jpg 768w, https:\/\/historiadapsicologia.com.br\/wp-content\/uploads\/2024\/06\/Encontros-HP-4-Seitas.jpg 1080w\" sizes=\"(max-width: 1024px) 100vw, 1024px\" \/>\t\t\t\t\t\t\t\t\t\t\t\t\t\t\t<\/div>\n\t\t\t\t<\/div>\n\t\t\t\t<\/div>\n\t\t\t\t\t<\/div>\n\t\t\t\t<\/div>\n\t\t<div class=\"elementor-element elementor-element-09aa671 e-flex e-con-boxed e-con e-parent\" data-id=\"09aa671\" data-element_type=\"container\" data-e-type=\"container\">\n\t\t\t\t\t<div class=\"e-con-inner\">\n\t\t<div class=\"elementor-element elementor-element-8307d02 e-con-full e-flex e-con e-child\" data-id=\"8307d02\" data-element_type=\"container\" data-e-type=\"container\" data-settings=\"{&quot;background_background&quot;:&quot;classic&quot;}\">\n\t\t\t\t<div class=\"elementor-element elementor-element-0d11490 elementor-widget elementor-widget-text-editor\" data-id=\"0d11490\" data-element_type=\"widget\" data-e-type=\"widget\" data-widget_type=\"text-editor.default\">\n\t\t\t\t<div class=\"elementor-widget-container\">\n\t\t\t\t\t\t\t\t\t<p>ATIVIDADE DE GREVE<\/p><p>Encontros HP 3: experimentos em psicologia da manipula\u00e7\u00e3o<\/p><p>4 de junho de 2024, \u00e0s 14:0, na Sala do Portal (pr\u00e9dio novo), Instituto de Humanidades e Sa\u00fade de Rio das Ostras<\/p><p>Inscri\u00e7\u00f5es <a href=\"https:\/\/forms.gle\/SqFMPY2RMAcrSzHs6\" target=\"_blank\" rel=\"noopener\">aqui<\/a><\/p>\t\t\t\t\t\t\t\t<\/div>\n\t\t\t\t<\/div>\n\t\t\t\t<\/div>\n\t\t<div class=\"elementor-element elementor-element-928afc3 e-con-full e-flex e-con e-child\" data-id=\"928afc3\" data-element_type=\"container\" data-e-type=\"container\">\n\t\t\t\t<div class=\"elementor-element elementor-element-7d644bc elementor-widget elementor-widget-image\" data-id=\"7d644bc\" data-element_type=\"widget\" data-e-type=\"widget\" data-widget_type=\"image.default\">\n\t\t\t\t<div class=\"elementor-widget-container\">\n\t\t\t\t\t\t\t\t\t\t\t\t\t\t\t<img loading=\"lazy\" decoding=\"async\" width=\"1024\" height=\"724\" src=\"https:\/\/historiadapsicologia.com.br\/wp-content\/uploads\/2024\/05\/Curso-IA-no-ES-2-1024x724.png\" class=\"attachment-large size-large wp-image-1550\" alt=\"\" srcset=\"https:\/\/historiadapsicologia.com.br\/wp-content\/uploads\/2024\/05\/Curso-IA-no-ES-2-1024x724.png 1024w, https:\/\/historiadapsicologia.com.br\/wp-content\/uploads\/2024\/05\/Curso-IA-no-ES-2-300x212.png 300w, https:\/\/historiadapsicologia.com.br\/wp-content\/uploads\/2024\/05\/Curso-IA-no-ES-2-768x543.png 768w, https:\/\/historiadapsicologia.com.br\/wp-content\/uploads\/2024\/05\/Curso-IA-no-ES-2-1536x1086.png 1536w, https:\/\/historiadapsicologia.com.br\/wp-content\/uploads\/2024\/05\/Curso-IA-no-ES-2.png 2000w\" sizes=\"(max-width: 1024px) 100vw, 1024px\" \/>\t\t\t\t\t\t\t\t\t\t\t\t\t\t\t<\/div>\n\t\t\t\t<\/div>\n\t\t\t\t<\/div>\n\t\t\t\t\t<\/div>\n\t\t\t\t<\/div>\n\t\t<div class=\"elementor-element elementor-element-93e7efb e-flex e-con-boxed e-con e-parent\" data-id=\"93e7efb\" data-element_type=\"container\" data-e-type=\"container\">\n\t\t\t\t\t<div class=\"e-con-inner\">\n\t\t<div class=\"elementor-element elementor-element-91439ba e-con-full e-flex e-con e-child\" data-id=\"91439ba\" data-element_type=\"container\" data-e-type=\"container\" data-settings=\"{&quot;background_background&quot;:&quot;classic&quot;}\">\n\t\t\t\t<div class=\"elementor-element elementor-element-73f462e elementor-widget elementor-widget-text-editor\" data-id=\"73f462e\" data-element_type=\"widget\" data-e-type=\"widget\" data-widget_type=\"text-editor.default\">\n\t\t\t\t<div class=\"elementor-widget-container\">\n\t\t\t\t\t\t\t\t\t<p>ATIVIDADE DE GREVE<\/p><p>Encontro HP 2: Usos da Intelig\u00eancia Artificial na Psicologia: cogni\u00e7\u00e3o, terapia e outros<\/p><p>28 de maio de 2024, \u00e0s 14:0, na Sala do Portal (pr\u00e9dio novo), Instituto de Humanidades e Sa\u00fade de Rio das Ostras<\/p><p>Inscri\u00e7\u00f5es <a href=\"https:\/\/forms.gle\/4CTxJ5r9eExH1P1D7\" target=\"_blank\" rel=\"noopener\">aqui<\/a><\/p><p>Link para o Meet <a href=\"https:\/\/meet.google.com\/wuk-rrmm-dpa\" target=\"_blank\" rel=\"noopener\">aqui<\/a><\/p>\t\t\t\t\t\t\t\t<\/div>\n\t\t\t\t<\/div>\n\t\t\t\t<\/div>\n\t\t<div class=\"elementor-element elementor-element-f075542 e-con-full e-flex e-con e-child\" data-id=\"f075542\" data-element_type=\"container\" data-e-type=\"container\">\n\t\t\t\t<div class=\"elementor-element elementor-element-fc0fd8f elementor-widget elementor-widget-image\" data-id=\"fc0fd8f\" data-element_type=\"widget\" data-e-type=\"widget\" data-widget_type=\"image.default\">\n\t\t\t\t<div class=\"elementor-widget-container\">\n\t\t\t\t\t\t\t\t\t\t\t\t\t\t\t<img loading=\"lazy\" decoding=\"async\" width=\"1024\" height=\"724\" src=\"https:\/\/historiadapsicologia.com.br\/wp-content\/uploads\/2024\/05\/Curso-IA-no-ES-1-1024x724.png\" class=\"attachment-large size-large wp-image-1545\" alt=\"\" srcset=\"https:\/\/historiadapsicologia.com.br\/wp-content\/uploads\/2024\/05\/Curso-IA-no-ES-1-1024x724.png 1024w, https:\/\/historiadapsicologia.com.br\/wp-content\/uploads\/2024\/05\/Curso-IA-no-ES-1-300x212.png 300w, https:\/\/historiadapsicologia.com.br\/wp-content\/uploads\/2024\/05\/Curso-IA-no-ES-1-768x543.png 768w, https:\/\/historiadapsicologia.com.br\/wp-content\/uploads\/2024\/05\/Curso-IA-no-ES-1-1536x1086.png 1536w, https:\/\/historiadapsicologia.com.br\/wp-content\/uploads\/2024\/05\/Curso-IA-no-ES-1.png 2000w\" sizes=\"(max-width: 1024px) 100vw, 1024px\" \/>\t\t\t\t\t\t\t\t\t\t\t\t\t\t\t<\/div>\n\t\t\t\t<\/div>\n\t\t\t\t<\/div>\n\t\t\t\t\t<\/div>\n\t\t\t\t<\/div>\n\t\t<div class=\"elementor-element elementor-element-9ef5d3b e-flex e-con-boxed e-con e-parent\" data-id=\"9ef5d3b\" data-element_type=\"container\" data-e-type=\"container\">\n\t\t\t\t\t<div class=\"e-con-inner\">\n\t\t<div class=\"elementor-element elementor-element-a0a38f2 e-con-full e-flex e-con e-child\" data-id=\"a0a38f2\" data-element_type=\"container\" data-e-type=\"container\" data-settings=\"{&quot;background_background&quot;:&quot;classic&quot;}\">\n\t\t\t\t<div class=\"elementor-element elementor-element-1e862a4 elementor-widget elementor-widget-text-editor\" data-id=\"1e862a4\" data-element_type=\"widget\" data-e-type=\"widget\" data-widget_type=\"text-editor.default\">\n\t\t\t\t<div class=\"elementor-widget-container\">\n\t\t\t\t\t\t\t\t\t<p>ATIVIDADE DE GREVE<\/p><p>Encontro HP: lavagem cerebral e controle mental na guerra fria: MK-Ultra: a teoria da conspira\u00e7\u00e3o da vida real<\/p><p>21 de maio de 2024, \u00e0s 14:0, na Sala do Portal, Instituto de Humanidades e Sa\u00fade de Rio das Ostras<\/p><p>Inscri\u00e7\u00f5es <a href=\"https:\/\/forms.gle\/4CTxJ5r9eExH1P1D7\" target=\"_blank\" rel=\"noopener\">aqui<\/a><\/p>\t\t\t\t\t\t\t\t<\/div>\n\t\t\t\t<\/div>\n\t\t\t\t<\/div>\n\t\t<div class=\"elementor-element elementor-element-41c7c3f e-con-full e-flex e-con e-child\" data-id=\"41c7c3f\" data-element_type=\"container\" data-e-type=\"container\">\n\t\t\t\t<div class=\"elementor-element elementor-element-95c46d9 elementor-widget elementor-widget-image\" data-id=\"95c46d9\" data-element_type=\"widget\" data-e-type=\"widget\" data-widget_type=\"image.default\">\n\t\t\t\t<div class=\"elementor-widget-container\">\n\t\t\t\t\t\t\t\t\t\t\t\t\t\t\t<img loading=\"lazy\" decoding=\"async\" width=\"1024\" height=\"1024\" src=\"https:\/\/historiadapsicologia.com.br\/wp-content\/uploads\/2024\/05\/Lavagem-cerebral-e-controle-mental-Atividade-de-Greve-1024x1024.jpg\" class=\"attachment-large size-large wp-image-1540\" alt=\"\" srcset=\"https:\/\/historiadapsicologia.com.br\/wp-content\/uploads\/2024\/05\/Lavagem-cerebral-e-controle-mental-Atividade-de-Greve-1024x1024.jpg 1024w, https:\/\/historiadapsicologia.com.br\/wp-content\/uploads\/2024\/05\/Lavagem-cerebral-e-controle-mental-Atividade-de-Greve-300x300.jpg 300w, https:\/\/historiadapsicologia.com.br\/wp-content\/uploads\/2024\/05\/Lavagem-cerebral-e-controle-mental-Atividade-de-Greve-150x150.jpg 150w, https:\/\/historiadapsicologia.com.br\/wp-content\/uploads\/2024\/05\/Lavagem-cerebral-e-controle-mental-Atividade-de-Greve-768x768.jpg 768w, https:\/\/historiadapsicologia.com.br\/wp-content\/uploads\/2024\/05\/Lavagem-cerebral-e-controle-mental-Atividade-de-Greve.jpg 1080w\" sizes=\"(max-width: 1024px) 100vw, 1024px\" \/>\t\t\t\t\t\t\t\t\t\t\t\t\t\t\t<\/div>\n\t\t\t\t<\/div>\n\t\t\t\t<\/div>\n\t\t\t\t\t<\/div>\n\t\t\t\t<\/div>\n\t\t\t\t<\/div>\n\t\t","protected":false},"excerpt":{"rendered":"<p>Encontros HP ATIVIDADE DE GREVE Encontros HP 6: Psicopatia, sociopatia e serial killers: o que realmente forma uma mente criminosa? 25 de junho de 2024, \u00e0s 14:00, na Sala do Portal (pr\u00e9dio novo), Instituto de Humanidades e Sa\u00fade de Rio das Ostras Inscri\u00e7\u00f5es aqui ATIVIDADE DE GREVE Encontros HP 5: Terraplanistas, reptilianos, ca\u00e7adores de alien\u00edgenas: [&hellip;]<\/p>\n","protected":false},"author":1,"featured_media":0,"parent":0,"menu_order":0,"comment_status":"closed","ping_status":"closed","template":"","meta":{"_eb_attr":"","om_disable_all_campaigns":false,"_monsterinsights_skip_tracking":false,"_monsterinsights_sitenote_active":false,"_monsterinsights_sitenote_note":"","_monsterinsights_sitenote_category":0,"_uf_show_specific_survey":0,"_uf_disable_surveys":false,"site-sidebar-layout":"no-sidebar","site-content-layout":"","ast-site-content-layout":"full-width-container","site-content-style":"default","site-sidebar-style":"default","ast-global-header-display":"","ast-banner-title-visibility":"","ast-main-header-display":"","ast-hfb-above-header-display":"","ast-hfb-below-header-display":"","ast-hfb-mobile-header-display":"","site-post-title":"disabled","ast-breadcrumbs-content":"","ast-featured-img":"disabled","footer-sml-layout":"","theme-transparent-header-meta":"","adv-header-id-meta":"","stick-header-meta":"","header-above-stick-meta":"","header-main-stick-meta":"","header-below-stick-meta":"","astra-migrate-meta-layouts":"default","ast-page-background-enabled":"default","ast-page-background-meta":{"desktop":{"background-color":"var(--ast-global-color-4)","background-image":"","background-repeat":"repeat","background-position":"center center","background-size":"auto","background-attachment":"scroll","background-type":"","background-media":"","overlay-type":"","overlay-color":"","overlay-opacity":"","overlay-gradient":""},"tablet":{"background-color":"","background-image":"","background-repeat":"repeat","background-position":"center center","background-size":"auto","background-attachment":"scroll","background-type":"","background-media":"","overlay-type":"","overlay-color":"","overlay-opacity":"","overlay-gradient":""},"mobile":{"background-color":"","background-image":"","background-repeat":"repeat","background-position":"center center","background-size":"auto","background-attachment":"scroll","background-type":"","background-media":"","overlay-type":"","overlay-color":"","overlay-opacity":"","overlay-gradient":""}},"ast-content-background-meta":{"desktop":{"background-color":"var(--ast-global-color-5)","background-image":"","background-repeat":"repeat","background-position":"center center","background-size":"auto","background-attachment":"scroll","background-type":"","background-media":"","overlay-type":"","overlay-color":"","overlay-opacity":"","overlay-gradient":""},"tablet":{"background-color":"var(--ast-global-color-5)","background-image":"","background-repeat":"repeat","background-position":"center center","background-size":"auto","background-attachment":"scroll","background-type":"","background-media":"","overlay-type":"","overlay-color":"","overlay-opacity":"","overlay-gradient":""},"mobile":{"background-color":"var(--ast-global-color-5)","background-image":"","background-repeat":"repeat","background-position":"center center","background-size":"auto","background-attachment":"scroll","background-type":"","background-media":"","overlay-type":"","overlay-color":"","overlay-opacity":"","overlay-gradient":""}},"footnotes":""},"class_list":["post-2329","page","type-page","status-publish","hentry"],"aioseo_notices":[],"_links":{"self":[{"href":"https:\/\/historiadapsicologia.com.br\/index.php\/wp-json\/wp\/v2\/pages\/2329","targetHints":{"allow":["GET"]}}],"collection":[{"href":"https:\/\/historiadapsicologia.com.br\/index.php\/wp-json\/wp\/v2\/pages"}],"about":[{"href":"https:\/\/historiadapsicologia.com.br\/index.php\/wp-json\/wp\/v2\/types\/page"}],"author":[{"embeddable":true,"href":"https:\/\/historiadapsicologia.com.br\/index.php\/wp-json\/wp\/v2\/users\/1"}],"replies":[{"embeddable":true,"href":"https:\/\/historiadapsicologia.com.br\/index.php\/wp-json\/wp\/v2\/comments?post=2329"}],"version-history":[{"count":4,"href":"https:\/\/historiadapsicologia.com.br\/index.php\/wp-json\/wp\/v2\/pages\/2329\/revisions"}],"predecessor-version":[{"id":2333,"href":"https:\/\/historiadapsicologia.com.br\/index.php\/wp-json\/wp\/v2\/pages\/2329\/revisions\/2333"}],"wp:attachment":[{"href":"https:\/\/historiadapsicologia.com.br\/index.php\/wp-json\/wp\/v2\/media?parent=2329"}],"curies":[{"name":"wp","href":"https:\/\/api.w.org\/{rel}","templated":true}]}}