{"id":2334,"date":"2026-02-04T16:12:11","date_gmt":"2026-02-04T19:12:11","guid":{"rendered":"https:\/\/historiadapsicologia.com.br\/?page_id=2334"},"modified":"2026-02-04T16:13:06","modified_gmt":"2026-02-04T19:13:06","slug":"simposios-de-hp","status":"publish","type":"page","link":"https:\/\/historiadapsicologia.com.br\/index.php\/simposios-de-hp\/","title":{"rendered":"Simp\u00f3sios de HP"},"content":{"rendered":"\t\t<div data-elementor-type=\"wp-page\" data-elementor-id=\"2334\" class=\"elementor elementor-2334\">\n\t\t\t\t<div class=\"elementor-element elementor-element-2920895d e-flex e-con-boxed e-con e-parent\" data-id=\"2920895d\" data-element_type=\"container\" data-e-type=\"container\" data-settings=\"{&quot;background_background&quot;:&quot;classic&quot;}\">\n\t\t\t\t\t<div class=\"e-con-inner\">\n\t\t\t\t<div class=\"elementor-element elementor-element-73a71786 elementor-widget elementor-widget-heading\" data-id=\"73a71786\" data-element_type=\"widget\" data-e-type=\"widget\" data-widget_type=\"heading.default\">\n\t\t\t\t<div class=\"elementor-widget-container\">\n\t\t\t\t\t<h1 class=\"elementor-heading-title elementor-size-xl\">Simp\u00f3sios de Hist\u00f3ria da Psicologia em Rio das Ostras<\/h1>\t\t\t\t<\/div>\n\t\t\t\t<\/div>\n\t\t\t\t\t<\/div>\n\t\t\t\t<\/div>\n\t\t<div class=\"elementor-element elementor-element-d57a80a e-flex e-con-boxed e-con e-parent\" data-id=\"d57a80a\" data-element_type=\"container\" data-e-type=\"container\">\n\t\t\t\t\t<div class=\"e-con-inner\">\n\t\t\t\t<div class=\"elementor-element elementor-element-a47dbea elementor-widget-divider--view-line elementor-widget elementor-widget-divider\" data-id=\"a47dbea\" data-element_type=\"widget\" data-e-type=\"widget\" data-widget_type=\"divider.default\">\n\t\t\t\t<div class=\"elementor-widget-container\">\n\t\t\t\t\t\t\t<div class=\"elementor-divider\">\n\t\t\t<span class=\"elementor-divider-separator\">\n\t\t\t\t\t\t<\/span>\n\t\t<\/div>\n\t\t\t\t\t\t<\/div>\n\t\t\t\t<\/div>\n\t\t\t\t\t<\/div>\n\t\t\t\t<\/div>\n\t\t<div class=\"elementor-element elementor-element-9c21ca3 e-flex e-con-boxed e-con e-parent\" data-id=\"9c21ca3\" data-element_type=\"container\" data-e-type=\"container\">\n\t\t\t\t\t<div class=\"e-con-inner\">\n\t\t<div class=\"elementor-element elementor-element-a428c6c e-con-full e-flex e-con e-child\" data-id=\"a428c6c\" data-element_type=\"container\" data-e-type=\"container\" data-settings=\"{&quot;background_background&quot;:&quot;classic&quot;}\">\n\t\t\t\t<div class=\"elementor-element elementor-element-6c7a3ca elementor-widget elementor-widget-text-editor\" data-id=\"6c7a3ca\" data-element_type=\"widget\" data-e-type=\"widget\" data-widget_type=\"text-editor.default\">\n\t\t\t\t<div class=\"elementor-widget-container\">\n\t\t\t\t\t\t\t\t\t<p>II Simp\u00f3sio de Hist\u00f3ria da Psicologia de Rio das Ostras<\/p><p>15 de mar\u00e7o de 2024, \u00e0s 14:30, no audit\u00f3rio do Instituto de Humanidades e Sa\u00fade de Rio das Ostras<\/p><p>Inscri\u00e7\u00f5es <a href=\"https:\/\/docs.google.com\/forms\/d\/e\/1FAIpQLScT1LDq42NYBcy9bga8UjgLU8_EpjJ_zPd_mK3jHhjteaDT1Q\/viewform?usp=sf_link\" target=\"_blank\" rel=\"noopener\">aqui<\/a><\/p><p>Acesse os certificados do evento <a href=\"https:\/\/drive.google.com\/drive\/folders\/1ZEc1Fhkr7rm83g09pLzC-IxBpnXYFQQP\">aqui<\/a><\/p>\t\t\t\t\t\t\t\t<\/div>\n\t\t\t\t<\/div>\n\t\t\t\t<\/div>\n\t\t<div class=\"elementor-element elementor-element-f166647 e-con-full e-flex e-con e-child\" data-id=\"f166647\" data-element_type=\"container\" data-e-type=\"container\">\n\t\t\t\t<div class=\"elementor-element elementor-element-de72568 elementor-widget elementor-widget-image\" data-id=\"de72568\" data-element_type=\"widget\" data-e-type=\"widget\" data-widget_type=\"image.default\">\n\t\t\t\t<div class=\"elementor-widget-container\">\n\t\t\t\t\t\t\t\t\t\t\t\t\t\t\t<img fetchpriority=\"high\" decoding=\"async\" width=\"1024\" height=\"1024\" src=\"https:\/\/historiadapsicologia.com.br\/wp-content\/uploads\/2024\/03\/II-Simposio-HP-Rildas-1-1024x1024.png\" class=\"attachment-large size-large wp-image-1457\" alt=\"2o Simp\u00f3sio de Hist\u00f3ria da Psicologia de Rio das OStras\" srcset=\"https:\/\/historiadapsicologia.com.br\/wp-content\/uploads\/2024\/03\/II-Simposio-HP-Rildas-1-1024x1024.png 1024w, https:\/\/historiadapsicologia.com.br\/wp-content\/uploads\/2024\/03\/II-Simposio-HP-Rildas-1-300x300.png 300w, https:\/\/historiadapsicologia.com.br\/wp-content\/uploads\/2024\/03\/II-Simposio-HP-Rildas-1-150x150.png 150w, https:\/\/historiadapsicologia.com.br\/wp-content\/uploads\/2024\/03\/II-Simposio-HP-Rildas-1-768x768.png 768w, https:\/\/historiadapsicologia.com.br\/wp-content\/uploads\/2024\/03\/II-Simposio-HP-Rildas-1.png 1080w\" sizes=\"(max-width: 1024px) 100vw, 1024px\" \/>\t\t\t\t\t\t\t\t\t\t\t\t\t\t\t<\/div>\n\t\t\t\t<\/div>\n\t\t\t\t<\/div>\n\t\t\t\t\t<\/div>\n\t\t\t\t<\/div>\n\t\t<div class=\"elementor-element elementor-element-6566c86 e-flex e-con-boxed e-con e-parent\" data-id=\"6566c86\" data-element_type=\"container\" data-e-type=\"container\" data-settings=\"{&quot;background_background&quot;:&quot;classic&quot;}\">\n\t\t\t\t\t<div class=\"e-con-inner\">\n\t\t<div class=\"elementor-element elementor-element-46f3990 e-con-full e-flex e-con e-child\" data-id=\"46f3990\" data-element_type=\"container\" data-e-type=\"container\">\n\t\t\t\t<div class=\"elementor-element elementor-element-837ed6e elementor-widget elementor-widget-text-editor\" data-id=\"837ed6e\" data-element_type=\"widget\" data-e-type=\"widget\" data-widget_type=\"text-editor.default\">\n\t\t\t\t<div class=\"elementor-widget-container\">\n\t\t\t\t\t\t\t\t\t<p><span data-contrast=\"auto\">I Simp\u00f3sio de Hist\u00f3ria da Psicologia de Rio das Ostras<br \/><\/span><span data-contrast=\"auto\">10 de novembro de 2023, \u00e0s 13:30, na sala 1 do Instituto de Humanidades e Sa\u00fade<\/span><span data-ccp-props=\"{&quot;134233117&quot;:false,&quot;134233118&quot;:false,&quot;201341983&quot;:0,&quot;335551550&quot;:0,&quot;335551620&quot;:0,&quot;335559738&quot;:240,&quot;335559739&quot;:240,&quot;335559740&quot;:259}\">\u00a0<\/span><\/p><p>\u00a0<\/p><p>\u00a0<\/p><p><span data-contrast=\"auto\">Acesse os certificados do I Simp\u00f3sio de Hist\u00f3ria da Psicologia de Rio das Ostras <\/span><a href=\"https:\/\/drive.google.com\/drive\/folders\/1eqzjkg7ZS3FmLDrjpK86LWeEbX-kAi3X?usp=drive_link\"><span data-contrast=\"none\">aqui<\/span><\/a><span data-ccp-props=\"{&quot;201341983&quot;:0,&quot;335559739&quot;:160,&quot;335559740&quot;:259}\">\u00a0<\/span><\/p>\t\t\t\t\t\t\t\t<\/div>\n\t\t\t\t<\/div>\n\t\t\t\t<\/div>\n\t\t<div class=\"elementor-element elementor-element-d26193e e-con-full e-flex e-con e-child\" data-id=\"d26193e\" data-element_type=\"container\" data-e-type=\"container\">\n\t\t\t\t<div class=\"elementor-element elementor-element-187b61b elementor-widget elementor-widget-image\" data-id=\"187b61b\" data-element_type=\"widget\" data-e-type=\"widget\" data-widget_type=\"image.default\">\n\t\t\t\t<div class=\"elementor-widget-container\">\n\t\t\t\t\t\t\t\t\t\t\t\t\t\t\t<img decoding=\"async\" width=\"1024\" height=\"1024\" src=\"https:\/\/historiadapsicologia.com.br\/wp-content\/uploads\/2023\/12\/I-Simposio-HP-Rildas-1024x1024.png\" class=\"attachment-large size-large wp-image-493\" alt=\"Simp\u00f3sio de Hist\u00f3ria da Psicologia de Rio das Ostras\" srcset=\"https:\/\/historiadapsicologia.com.br\/wp-content\/uploads\/2023\/12\/I-Simposio-HP-Rildas-1024x1024.png 1024w, https:\/\/historiadapsicologia.com.br\/wp-content\/uploads\/2023\/12\/I-Simposio-HP-Rildas-300x300.png 300w, https:\/\/historiadapsicologia.com.br\/wp-content\/uploads\/2023\/12\/I-Simposio-HP-Rildas-150x150.png 150w, https:\/\/historiadapsicologia.com.br\/wp-content\/uploads\/2023\/12\/I-Simposio-HP-Rildas-768x768.png 768w, https:\/\/historiadapsicologia.com.br\/wp-content\/uploads\/2023\/12\/elementor\/thumbs\/I-Simposio-HP-Rildas-qh3anslaqoo9zasi7p7td5ie6t69js3o24kztaji8g.png 1000w, https:\/\/historiadapsicologia.com.br\/wp-content\/uploads\/2023\/12\/elementor\/thumbs\/I-Simposio-HP-Rildas-qh3ansl9itvudamrsscn92o15gymw0vy6bztnw2a7c.png 900w, https:\/\/historiadapsicologia.com.br\/wp-content\/uploads\/2023\/12\/I-Simposio-HP-Rildas.png 1080w\" sizes=\"(max-width: 1024px) 100vw, 1024px\" \/>\t\t\t\t\t\t\t\t\t\t\t\t\t\t\t<\/div>\n\t\t\t\t<\/div>\n\t\t\t\t<\/div>\n\t\t\t\t\t<\/div>\n\t\t\t\t<\/div>\n\t\t\t\t<\/div>\n\t\t","protected":false},"excerpt":{"rendered":"<p>Simp\u00f3sios de Hist\u00f3ria da Psicologia em Rio das Ostras II Simp\u00f3sio de Hist\u00f3ria da Psicologia de Rio das Ostras 15 de mar\u00e7o de 2024, \u00e0s 14:30, no audit\u00f3rio do Instituto de Humanidades e Sa\u00fade de Rio das Ostras Inscri\u00e7\u00f5es aqui Acesse os certificados do evento aqui I Simp\u00f3sio de Hist\u00f3ria da Psicologia de Rio das [&hellip;]<\/p>\n","protected":false},"author":1,"featured_media":0,"parent":0,"menu_order":0,"comment_status":"closed","ping_status":"closed","template":"","meta":{"_eb_attr":"","om_disable_all_campaigns":false,"_monsterinsights_skip_tracking":false,"_monsterinsights_sitenote_active":false,"_monsterinsights_sitenote_note":"","_monsterinsights_sitenote_category":0,"_uf_show_specific_survey":0,"_uf_disable_surveys":false,"site-sidebar-layout":"no-sidebar","site-content-layout":"","ast-site-content-layout":"full-width-container","site-content-style":"default","site-sidebar-style":"default","ast-global-header-display":"","ast-banner-title-visibility":"","ast-main-header-display":"","ast-hfb-above-header-display":"","ast-hfb-below-header-display":"","ast-hfb-mobile-header-display":"","site-post-title":"disabled","ast-breadcrumbs-content":"","ast-featured-img":"disabled","footer-sml-layout":"","theme-transparent-header-meta":"","adv-header-id-meta":"","stick-header-meta":"","header-above-stick-meta":"","header-main-stick-meta":"","header-below-stick-meta":"","astra-migrate-meta-layouts":"default","ast-page-background-enabled":"default","ast-page-background-meta":{"desktop":{"background-color":"var(--ast-global-color-4)","background-image":"","background-repeat":"repeat","background-position":"center center","background-size":"auto","background-attachment":"scroll","background-type":"","background-media":"","overlay-type":"","overlay-color":"","overlay-opacity":"","overlay-gradient":""},"tablet":{"background-color":"","background-image":"","background-repeat":"repeat","background-position":"center center","background-size":"auto","background-attachment":"scroll","background-type":"","background-media":"","overlay-type":"","overlay-color":"","overlay-opacity":"","overlay-gradient":""},"mobile":{"background-color":"","background-image":"","background-repeat":"repeat","background-position":"center center","background-size":"auto","background-attachment":"scroll","background-type":"","background-media":"","overlay-type":"","overlay-color":"","overlay-opacity":"","overlay-gradient":""}},"ast-content-background-meta":{"desktop":{"background-color":"var(--ast-global-color-5)","background-image":"","background-repeat":"repeat","background-position":"center center","background-size":"auto","background-attachment":"scroll","background-type":"","background-media":"","overlay-type":"","overlay-color":"","overlay-opacity":"","overlay-gradient":""},"tablet":{"background-color":"var(--ast-global-color-5)","background-image":"","background-repeat":"repeat","background-position":"center center","background-size":"auto","background-attachment":"scroll","background-type":"","background-media":"","overlay-type":"","overlay-color":"","overlay-opacity":"","overlay-gradient":""},"mobile":{"background-color":"var(--ast-global-color-5)","background-image":"","background-repeat":"repeat","background-position":"center center","background-size":"auto","background-attachment":"scroll","background-type":"","background-media":"","overlay-type":"","overlay-color":"","overlay-opacity":"","overlay-gradient":""}},"footnotes":""},"class_list":["post-2334","page","type-page","status-publish","hentry"],"aioseo_notices":[],"_links":{"self":[{"href":"https:\/\/historiadapsicologia.com.br\/index.php\/wp-json\/wp\/v2\/pages\/2334","targetHints":{"allow":["GET"]}}],"collection":[{"href":"https:\/\/historiadapsicologia.com.br\/index.php\/wp-json\/wp\/v2\/pages"}],"about":[{"href":"https:\/\/historiadapsicologia.com.br\/index.php\/wp-json\/wp\/v2\/types\/page"}],"author":[{"embeddable":true,"href":"https:\/\/historiadapsicologia.com.br\/index.php\/wp-json\/wp\/v2\/users\/1"}],"replies":[{"embeddable":true,"href":"https:\/\/historiadapsicologia.com.br\/index.php\/wp-json\/wp\/v2\/comments?post=2334"}],"version-history":[{"count":4,"href":"https:\/\/historiadapsicologia.com.br\/index.php\/wp-json\/wp\/v2\/pages\/2334\/revisions"}],"predecessor-version":[{"id":2338,"href":"https:\/\/historiadapsicologia.com.br\/index.php\/wp-json\/wp\/v2\/pages\/2334\/revisions\/2338"}],"wp:attachment":[{"href":"https:\/\/historiadapsicologia.com.br\/index.php\/wp-json\/wp\/v2\/media?parent=2334"}],"curies":[{"name":"wp","href":"https:\/\/api.w.org\/{rel}","templated":true}]}}