{"id":79,"date":"2023-12-08T13:57:24","date_gmt":"2023-12-08T16:57:24","guid":{"rendered":"https:\/\/historiadapsicologia.com.br\/?page_id=79"},"modified":"2023-12-11T21:58:49","modified_gmt":"2023-12-12T00:58:49","slug":"conheca-o-portal","status":"publish","type":"page","link":"https:\/\/historiadapsicologia.com.br\/index.php\/conheca-o-portal\/","title":{"rendered":"Conhe\u00e7a o portal"},"content":{"rendered":"\t\t<div data-elementor-type=\"wp-page\" data-elementor-id=\"79\" class=\"elementor elementor-79\">\n\t\t\t\t<div class=\"elementor-element elementor-element-38b0e01 e-con-full e-flex e-con e-parent\" data-id=\"38b0e01\" data-element_type=\"container\" data-e-type=\"container\" data-settings=\"{&quot;background_background&quot;:&quot;classic&quot;}\">\n\t\t\t\t<div class=\"elementor-element elementor-element-23c221b elementor-widget elementor-widget-text-editor\" data-id=\"23c221b\" data-element_type=\"widget\" data-e-type=\"widget\" data-widget_type=\"text-editor.default\">\n\t\t\t\t<div class=\"elementor-widget-container\">\n\t\t\t\t\t\t\t\t\t<h2 class=\"alignwide wp-block-heading\">APRESENTA\u00c7\u00c3O<\/h2><p id=\"speaker-series-1\" class=\"alignwide wp-block-heading\"><span data-contrast=\"auto\">O Portal Hist\u00f3ria da Psicologia foi criado e \u00e9 gerenciado pelo Prof. Dr. Andr\u00e9 Elias Morelli Ribeiro, da Universidade Federal Fluminense, campus de Rio das Ostras, e tem por vice-coordenador o Dr. Luiz Eduardo Prado da Fonseca, da Universidade Federal do Rio de Janeiro. O projeto conta com a colabora\u00e7\u00e3o de amigos da Universidade Federal do Rio de Janeiro e da Universidade Federal Fluminense. <br \/><\/span><span data-contrast=\"auto\">O Portal \u00e9 um sistema de produ\u00e7\u00e3o e difus\u00e3o do conhecimento em hist\u00f3ria da psicologia, e conta com um website, uma enciclop\u00e9dia eletr\u00f4nica online \u2013 a\u00a0<a href=\"http:\/\/wiki.historiadapsicologia.com.br\/index.php?title=P%C3%A1gina_principal\" target=\"_blank\" rel=\"noopener\">WikiHP<\/a>\u00a0-, um canal no YouTube \u2013 o\u00a0<a href=\"https:\/\/www.youtube.com\/@HistoriadaPsicologia\" target=\"_blank\" rel=\"noopener\">Canal Hist\u00f3ria da Psicologia TV<\/a>\u00a0\u2013 e uma editora \u2013 a\u00a0<a href=\"https:\/\/editora.historiadapsicologia.com.br\/\" target=\"_blank\" rel=\"noopener\">Editora do Portal Hist\u00f3ria da Psicologia<\/a>, al\u00e9m de divulgar suas a\u00e7\u00f5es nas redes sociais. O site est\u00e1 armazenado em um servidor privado, \u00e9 mantido com doa\u00e7\u00f5es e conta com apoio institucional e recursos da Universidade Federal Fluminense.<\/span><span data-ccp-props=\"{&quot;201341983&quot;:0,&quot;335559739&quot;:160,&quot;335559740&quot;:259}\">\u00a0<\/span><\/p>\t\t\t\t\t\t\t\t<\/div>\n\t\t\t\t<\/div>\n\t\t\t\t<\/div>\n\t\t<div class=\"elementor-element elementor-element-cdf9677 e-flex e-con-boxed e-con e-parent\" data-id=\"cdf9677\" data-element_type=\"container\" data-e-type=\"container\">\n\t\t\t\t\t<div class=\"e-con-inner\">\n\t\t\t\t<div class=\"elementor-element elementor-element-92791fb elementor-widget elementor-widget-text-editor\" data-id=\"92791fb\" data-element_type=\"widget\" data-e-type=\"widget\" data-widget_type=\"text-editor.default\">\n\t\t\t\t<div class=\"elementor-widget-container\">\n\t\t\t\t\t\t\t\t\t<h2 class=\"alignwide wp-block-heading\">FILOSOFIA DO PORTAL<\/h2><p id=\"warble-a-film-about-hobbyist-bird-watchers-1\" class=\"alignwide wp-block-heading\">O princ\u00edpio fundamental e motivador de todos na nossa equipe e de todo o projeto \u00e9 simples: a democratiza\u00e7\u00e3o do conhecimento em hist\u00f3ria da psicologia. Um princ\u00edpio simples, por outro lado, n\u00e3o quer dizer uma filosofia simples, nem a\u00e7\u00f5es simples de executar. A cria\u00e7\u00e3o e difus\u00e3o do conhecimento exigem esfor\u00e7os em diferentes \u00e1reas e com diferentes perspectivas, que v\u00e3o desde a populariza\u00e7\u00e3o da ci\u00eancia, passando pelo di\u00e1logo com o ensino de gradua\u00e7\u00e3o e chegando at\u00e9 o apoio \u00e0 pesquisa de ponta no assunto. A estrat\u00e9gia fundamental utilizada pelo Portal para que seu princ\u00edpio se torne um objetivo exequ\u00edvel passa principalmente pelas ferramentas oferecidas pela web 2.0.<br \/>Queremos que a internet seja um meio de para\u00a0 divulgar e, assim, democratizar o acesso aos saberes produzidos no \u00e2mbito universit\u00e1rio, retirando os pesquisadores das torres de marfim onde muitas vezes ficam confinados e levando os saberes constru\u00eddos para toda a sociedade, incluindo outros pesquisadores. Estamos motivados tamb\u00e9m pelo fim da privatiza\u00e7\u00e3o do conhecimento, pois entendemos que as fontes hist\u00f3ricas, a mem\u00f3ria coletiva e o conhecimento cient\u00edfico n\u00e3o pertencem a um grupo ou a uma institui\u00e7\u00e3o, principalmente se esta institui\u00e7\u00e3o recebe recursos p\u00fablicos, mas sim a todos.<br \/>Neste sentido, este site \u2013 e todo o ecossistema que ele representa \u2013 anuncia abertamente que a democracia \u00e9 uma base fundamental de todo conhecimento cient\u00edfico. N\u00f3s queremos ver a hist\u00f3ria da psicologia ser democratizada, e n\u00e3o fechada para alguns e controlada por poucos escolhidos. O Portal se esfor\u00e7a para difundir o conhecimento e apoiar sua produ\u00e7\u00e3o por meio de suas iniciativas, todas digitais, amplas, abertas, democr\u00e1ticas e gratuitas.<\/p>\t\t\t\t\t\t\t\t<\/div>\n\t\t\t\t<\/div>\n\t\t\t\t\t<\/div>\n\t\t\t\t<\/div>\n\t\t<div class=\"elementor-element elementor-element-228c6a6 e-flex e-con-boxed e-con e-parent\" data-id=\"228c6a6\" data-element_type=\"container\" data-e-type=\"container\" data-settings=\"{&quot;background_background&quot;:&quot;classic&quot;}\">\n\t\t\t\t\t<div class=\"e-con-inner\">\n\t\t\t\t<div class=\"elementor-element elementor-element-38eda23 elementor-widget elementor-widget-text-editor\" data-id=\"38eda23\" data-element_type=\"widget\" data-e-type=\"widget\" data-widget_type=\"text-editor.default\">\n\t\t\t\t<div class=\"elementor-widget-container\">\n\t\t\t\t\t\t\t\t\t<h2 id=\"um-pouco-de-historiao-portal-historia-da-psicologia-e-um-programa-de-extensao-criado-e-gerenciado-pelo-prof-dr-andre-elias-morelli-ribeiro-da-universidade-federal-fluminense-campus-de-rio-das-ostras-e-tem-por-vice-coordenador-o-dr-luiz-eduardo-prado-da-fonseca\" class=\"alignwide wp-block-heading\">UM POUCO DE HIST\u00d3RIA<em><br \/><\/em><\/h2><p class=\"alignwide wp-block-heading\">A concep\u00e7\u00e3o do projeto se inicia pela nossa percep\u00e7\u00e3o da dificuldade dos alunos \u2013 e tamb\u00e9m nossa \u2013 de encontrar materiais dispon\u00edveis para o ensino da Hist\u00f3ria da Psicologia. Mesmo que se observe um aumento na quantidade e qualidade de livros e materiais disponibilizados para este fim nos \u00faltimos anos, entendemos que podemos avan\u00e7ar muito mais, principalmente nos espa\u00e7os da internet. <br \/>Este projeto \u00e9 inspirado no trabalho do Prof. Christopher D. Green e colaboradores no site Avan\u00e7os na Hist\u00f3ria da Psicologia, al\u00e9m do trabalho desenvolvido pelo blog\u00a0 Historien.ne.s de la sant\u00e9 , coordenado pelo Prof. Alexandre Klein , e pela Rede Iberoamericana de Pesquisadores em Hist\u00f3ria da Psicologia (RIPeHP). Nosso interesse \u00e9 transformar o site numa ferramenta multiplataforma voltada para o ensino e pesquisa da Hist\u00f3ria da Psicologia.<br \/>Aqui s\u00e3o bem-vindos interessados, alunos de gradua\u00e7\u00e3o e pesquisadores de todas as \u00e1reas que queiram se aproximar da Hist\u00f3ria da Psicologia. Queremos ajudar a divulgar o estudo e a pesquisa deste campo, por meio de um site que permite pesquisadores e estudantes em todos os n\u00edveis a encontrar aqui elementos para satisfazer seus interesses na \u00e1rea. Por isso o site oferece links para peri\u00f3dicos, bases de pesquisa , espa\u00e7os com fontes prim\u00e1rias, bibliografias de interesse, al\u00e9m dos v\u00eddeos e da nossa enciclop\u00e9dia eletr\u00f4nica.<\/p>\t\t\t\t\t\t\t\t<\/div>\n\t\t\t\t<\/div>\n\t\t\t\t\t<\/div>\n\t\t\t\t<\/div>\n\t\t<div class=\"elementor-element elementor-element-7318053 e-flex e-con-boxed e-con e-parent\" data-id=\"7318053\" data-element_type=\"container\" data-e-type=\"container\">\n\t\t\t\t\t<div class=\"e-con-inner\">\n\t\t<div class=\"elementor-element elementor-element-128e05a e-con-full e-flex e-con e-child\" data-id=\"128e05a\" data-element_type=\"container\" data-e-type=\"container\">\n\t\t\t\t<div class=\"elementor-element elementor-element-5bfb312 elementor-widget elementor-widget-text-editor\" data-id=\"5bfb312\" data-element_type=\"widget\" data-e-type=\"widget\" data-widget_type=\"text-editor.default\">\n\t\t\t\t<div class=\"elementor-widget-container\">\n\t\t\t\t\t\t\t\t\t<h2>FORMAS DE PARTICIPAR<\/h2><p class=\"alignwide wp-block-heading\">S\u00e3o muitas as formas de colaborar com o Portal, utilizando diversos tipos de conhecimento. Voc\u00ea gosta de v\u00eddeos? Voc\u00ea pode participar escrevendo um roteiro, propondo um tema, ajudando na edi\u00e7\u00e3o dos v\u00eddeos ou na divulga\u00e7\u00e3o. Quer colaborar na nossa enciclop\u00e9dia? \u00c9 muito f\u00e1cil, basta voc\u00ea acess\u00e1-la e propor novos verbetes, corrigir e melhorar os que j\u00e1 est\u00e3o publicados, ou ainda na equipe t\u00e9cnica, auxiliando na gest\u00e3o do sistema. E se os seus conhecimentos forem na \u00e1rea de design? Voc\u00ea pode colaborar tamb\u00e9m, tanto no site quanto no canal, entre outros. Gostaria de publicar alguma coisa relacionada aos temas que o Portal aborda? Voc\u00ea pode propor uma publica\u00e7\u00e3o ao Conselho Editorial.<\/p><p>Por fim, s\u00e3o muitas as maneiras que voc\u00ea pode se envolver nos projetos do Portal. Para resumir, n\u00f3s organizamos elas em tr\u00eas categorias:<\/p>\t\t\t\t\t\t\t\t<\/div>\n\t\t\t\t<\/div>\n\t\t\t\t<\/div>\n\t\t\t\t\t<\/div>\n\t\t\t\t<\/div>\n\t\t<div class=\"elementor-element elementor-element-ba41e9b e-flex e-con-boxed e-con e-parent\" data-id=\"ba41e9b\" data-element_type=\"container\" data-e-type=\"container\" data-settings=\"{&quot;background_background&quot;:&quot;classic&quot;}\">\n\t\t\t\t\t<div class=\"e-con-inner\">\n\t\t<div class=\"elementor-element elementor-element-7a80113 e-con-full e-flex e-con e-child\" data-id=\"7a80113\" data-element_type=\"container\" data-e-type=\"container\">\n\t\t\t\t<div class=\"elementor-element elementor-element-2cff2d3 elementor-widget elementor-widget-text-editor\" data-id=\"2cff2d3\" data-element_type=\"widget\" data-e-type=\"widget\" data-widget_type=\"text-editor.default\">\n\t\t\t\t<div class=\"elementor-widget-container\">\n\t\t\t\t\t\t\t\t\t<h3 id=\"equipe-fixa\" class=\"wp-block-heading\"><em>Equipe Fixa<\/em><\/h3><p class=\"wp-block-heading\">S\u00e3o os colaboradores que trabalham de forma fixa no Portal, participando das reuni\u00f5es semanais, deliberando sobre os diferentes assuntos, propondo pautas, dando ideias, discutindo sugest\u00f5es, entre outros.<\/p>\t\t\t\t\t\t\t\t<\/div>\n\t\t\t\t<\/div>\n\t\t\t\t<\/div>\n\t\t<div class=\"elementor-element elementor-element-d012e62 e-con-full e-flex e-con e-child\" data-id=\"d012e62\" data-element_type=\"container\" data-e-type=\"container\" data-settings=\"{&quot;background_background&quot;:&quot;classic&quot;}\">\n\t\t\t\t<div class=\"elementor-element elementor-element-03e1bfa elementor-widget elementor-widget-text-editor\" data-id=\"03e1bfa\" data-element_type=\"widget\" data-e-type=\"widget\" data-widget_type=\"text-editor.default\">\n\t\t\t\t<div class=\"elementor-widget-container\">\n\t\t\t\t\t\t\t\t\t<h3><em>Colaborador Pontual<\/em><\/h3><p id=\"sao-os-convidados-que-participam-de-modo-pontual-em-projetos-de-duracao-mais-ou-menos-fixa-participacoes-com-videos-episodios-de-podcasts-edicoes-do-site-do-site-e-das-diversas-partes-do-projeto-fazem-parte-desta-modalidade\" class=\"has-medium-font-size wp-block-heading\">S\u00e3o os convidados que participam de modo pontual, em projetos de dura\u00e7\u00e3o mais ou menos fixa. Participa\u00e7\u00f5es com v\u00eddeos, epis\u00f3dios de podcasts, edi\u00e7\u00f5es do site do site e das diversas partes do projeto fazem parte desta modalidade<\/p>\t\t\t\t\t\t\t\t<\/div>\n\t\t\t\t<\/div>\n\t\t\t\t<\/div>\n\t\t<div class=\"elementor-element elementor-element-4b6677c e-con-full e-flex e-con e-child\" data-id=\"4b6677c\" data-element_type=\"container\" data-e-type=\"container\">\n\t\t\t\t<div class=\"elementor-element elementor-element-4ac46f0 elementor-widget elementor-widget-text-editor\" data-id=\"4ac46f0\" data-element_type=\"widget\" data-e-type=\"widget\" data-widget_type=\"text-editor.default\">\n\t\t\t\t<div class=\"elementor-widget-container\">\n\t\t\t\t\t\t\t\t\t<h3 id=\"colaborador-eventual\" class=\"wp-block-heading\"><em>Colaborador Eventual<\/em><\/h3><p id=\"sao-participantes-de-projetos-de-forma-mais-ou-menos-fixa-mas-atuam-de-modo-mais-casual-como-na-edicao-de-videos-revisao-de-textos-na-criacao-de-artes-de-modo-ocasional-embora-facam-parte-da-equipe-sao-chamados-apenas-quando-necessario\" class=\"has-medium-font-size wp-block-heading\">S\u00e3o participantes de projetos de forma mais ou menos fixa, mas atuam de modo mais casual, como na edi\u00e7\u00e3o de v\u00eddeos, revis\u00e3o de textos, na cria\u00e7\u00e3o de artes, de modo ocasional. Embora fa\u00e7am parte da equipe, s\u00e3o chamados apenas quando necess\u00e1rio.<\/p>\t\t\t\t\t\t\t\t<\/div>\n\t\t\t\t<\/div>\n\t\t\t\t<\/div>\n\t\t\t\t\t<\/div>\n\t\t\t\t<\/div>\n\t\t<div class=\"elementor-element elementor-element-f0c6830 e-flex e-con-boxed e-con e-parent\" data-id=\"f0c6830\" data-element_type=\"container\" data-e-type=\"container\">\n\t\t\t\t\t<div class=\"e-con-inner\">\n\t\t\t\t<div class=\"elementor-element elementor-element-ff055e3 elementor-widget__width-initial elementor-widget elementor-widget-text-editor\" data-id=\"ff055e3\" data-element_type=\"widget\" data-e-type=\"widget\" data-widget_type=\"text-editor.default\">\n\t\t\t\t<div class=\"elementor-widget-container\">\n\t\t\t\t\t\t\t\t\t<p id=\"gostou-e-quer-colaborar-envie-um-e-mail-para-portal-historiadapsicologia-com-br-e-agende-uma-conversa-conosco\" class=\"alignwide has-link-color wp-block-heading wp-elements-e31e68c3af6a66ff23bbba7548b7ca37\">Gostou e quer colaborar? Envie um e-mail para\u00a0<a href=\"mailto:portal@historiadapsicologia.com.br\">portal@historiadapsicologia.com.br<\/a>\u00a0e agende uma conversa conosco!<\/p>\t\t\t\t\t\t\t\t<\/div>\n\t\t\t\t<\/div>\n\t\t\t\t\t<\/div>\n\t\t\t\t<\/div>\n\t\t\t\t<\/div>\n\t\t","protected":false},"excerpt":{"rendered":"<p>APRESENTA\u00c7\u00c3O O Portal Hist\u00f3ria da Psicologia foi criado e \u00e9 gerenciado pelo Prof. Dr. Andr\u00e9 Elias Morelli Ribeiro, da Universidade Federal Fluminense, campus de Rio das Ostras, e tem por vice-coordenador o Dr. Luiz Eduardo Prado da Fonseca, da Universidade Federal do Rio de Janeiro. O projeto conta com a colabora\u00e7\u00e3o de amigos da Universidade [&hellip;]<\/p>\n","protected":false},"author":2,"featured_media":0,"parent":0,"menu_order":0,"comment_status":"closed","ping_status":"closed","template":"","meta":{"_eb_attr":"","om_disable_all_campaigns":false,"_monsterinsights_skip_tracking":false,"_monsterinsights_sitenote_active":false,"_monsterinsights_sitenote_note":"","_monsterinsights_sitenote_category":0,"_uf_show_specific_survey":0,"_uf_disable_surveys":false,"site-sidebar-layout":"no-sidebar","site-content-layout":"","ast-site-content-layout":"full-width-container","site-content-style":"default","site-sidebar-style":"default","ast-global-header-display":"","ast-banner-title-visibility":"","ast-main-header-display":"","ast-hfb-above-header-display":"","ast-hfb-below-header-display":"","ast-hfb-mobile-header-display":"","site-post-title":"disabled","ast-breadcrumbs-content":"","ast-featured-img":"disabled","footer-sml-layout":"","theme-transparent-header-meta":"","adv-header-id-meta":"","stick-header-meta":"","header-above-stick-meta":"","header-main-stick-meta":"","header-below-stick-meta":"","astra-migrate-meta-layouts":"default","ast-page-background-enabled":"default","ast-page-background-meta":{"desktop":{"background-color":"var(--ast-global-color-4)","background-image":"","background-repeat":"repeat","background-position":"center center","background-size":"auto","background-attachment":"scroll","background-type":"","background-media":"","overlay-type":"","overlay-color":"","overlay-opacity":"","overlay-gradient":""},"tablet":{"background-color":"","background-image":"","background-repeat":"repeat","background-position":"center center","background-size":"auto","background-attachment":"scroll","background-type":"","background-media":"","overlay-type":"","overlay-color":"","overlay-opacity":"","overlay-gradient":""},"mobile":{"background-color":"","background-image":"","background-repeat":"repeat","background-position":"center center","background-size":"auto","background-attachment":"scroll","background-type":"","background-media":"","overlay-type":"","overlay-color":"","overlay-opacity":"","overlay-gradient":""}},"ast-content-background-meta":{"desktop":{"background-color":"var(--ast-global-color-5)","background-image":"","background-repeat":"repeat","background-position":"center center","background-size":"auto","background-attachment":"scroll","background-type":"","background-media":"","overlay-type":"","overlay-color":"","overlay-opacity":"","overlay-gradient":""},"tablet":{"background-color":"var(--ast-global-color-5)","background-image":"","background-repeat":"repeat","background-position":"center center","background-size":"auto","background-attachment":"scroll","background-type":"","background-media":"","overlay-type":"","overlay-color":"","overlay-opacity":"","overlay-gradient":""},"mobile":{"background-color":"var(--ast-global-color-5)","background-image":"","background-repeat":"repeat","background-position":"center center","background-size":"auto","background-attachment":"scroll","background-type":"","background-media":"","overlay-type":"","overlay-color":"","overlay-opacity":"","overlay-gradient":""}},"footnotes":""},"class_list":["post-79","page","type-page","status-publish","hentry"],"aioseo_notices":[],"_links":{"self":[{"href":"https:\/\/historiadapsicologia.com.br\/index.php\/wp-json\/wp\/v2\/pages\/79","targetHints":{"allow":["GET"]}}],"collection":[{"href":"https:\/\/historiadapsicologia.com.br\/index.php\/wp-json\/wp\/v2\/pages"}],"about":[{"href":"https:\/\/historiadapsicologia.com.br\/index.php\/wp-json\/wp\/v2\/types\/page"}],"author":[{"embeddable":true,"href":"https:\/\/historiadapsicologia.com.br\/index.php\/wp-json\/wp\/v2\/users\/2"}],"replies":[{"embeddable":true,"href":"https:\/\/historiadapsicologia.com.br\/index.php\/wp-json\/wp\/v2\/comments?post=79"}],"version-history":[{"count":49,"href":"https:\/\/historiadapsicologia.com.br\/index.php\/wp-json\/wp\/v2\/pages\/79\/revisions"}],"predecessor-version":[{"id":478,"href":"https:\/\/historiadapsicologia.com.br\/index.php\/wp-json\/wp\/v2\/pages\/79\/revisions\/478"}],"wp:attachment":[{"href":"https:\/\/historiadapsicologia.com.br\/index.php\/wp-json\/wp\/v2\/media?parent=79"}],"curies":[{"name":"wp","href":"https:\/\/api.w.org\/{rel}","templated":true}]}}