{"id":91,"date":"2023-12-08T14:03:19","date_gmt":"2023-12-08T17:03:19","guid":{"rendered":"https:\/\/historiadapsicologia.com.br\/?page_id=91"},"modified":"2024-01-31T12:46:09","modified_gmt":"2024-01-31T15:46:09","slug":"recursos-online","status":"publish","type":"page","link":"https:\/\/historiadapsicologia.com.br\/index.php\/recursos-online\/","title":{"rendered":"Recursos Online"},"content":{"rendered":"\t\t<div data-elementor-type=\"wp-page\" data-elementor-id=\"91\" class=\"elementor elementor-91\">\n\t\t\t\t<div class=\"elementor-element elementor-element-646f5711 e-flex e-con-boxed e-con e-parent\" data-id=\"646f5711\" data-element_type=\"container\" data-e-type=\"container\" data-settings=\"{&quot;background_background&quot;:&quot;classic&quot;}\">\n\t\t\t\t\t<div class=\"e-con-inner\">\n\t\t\t\t<div class=\"elementor-element elementor-element-611e38bb elementor-widget elementor-widget-heading\" data-id=\"611e38bb\" data-element_type=\"widget\" data-e-type=\"widget\" data-widget_type=\"heading.default\">\n\t\t\t\t<div class=\"elementor-widget-container\">\n\t\t\t\t\t<h1 class=\"elementor-heading-title elementor-size-xl\">Recursos Online<\/h1>\t\t\t\t<\/div>\n\t\t\t\t<\/div>\n\t\t\t\t\t<\/div>\n\t\t\t\t<\/div>\n\t\t<div class=\"elementor-element elementor-element-3623b02 e-flex e-con-boxed e-con e-parent\" data-id=\"3623b02\" data-element_type=\"container\" data-e-type=\"container\" data-settings=\"{&quot;background_background&quot;:&quot;classic&quot;}\">\n\t\t\t\t\t<div class=\"e-con-inner\">\n\t\t<div class=\"elementor-element elementor-element-94d4fe0 e-con-full e-flex e-con e-child\" data-id=\"94d4fe0\" data-element_type=\"container\" data-e-type=\"container\">\n\t\t\t\t<div class=\"elementor-element elementor-element-a013951 elementor-position-top elementor-widget elementor-widget-image-box\" data-id=\"a013951\" data-element_type=\"widget\" data-e-type=\"widget\" data-widget_type=\"image-box.default\">\n\t\t\t\t<div class=\"elementor-widget-container\">\n\t\t\t\t\t<div class=\"elementor-image-box-wrapper\"><figure class=\"elementor-image-box-img\"><a href=\"http:\/\/wiki.historiadapsicologia.com.br\/index.php?title=P%C3%A1gina_principal\" tabindex=\"-1\"><img fetchpriority=\"high\" decoding=\"async\" width=\"2480\" height=\"2480\" src=\"https:\/\/historiadapsicologia.com.br\/wp-content\/uploads\/2024\/01\/hp-logo-fundo-branco.jpg\" class=\"attachment-full size-full wp-image-785\" alt=\"\" srcset=\"https:\/\/historiadapsicologia.com.br\/wp-content\/uploads\/2024\/01\/hp-logo-fundo-branco.jpg 2480w, https:\/\/historiadapsicologia.com.br\/wp-content\/uploads\/2024\/01\/hp-logo-fundo-branco-300x300.jpg 300w, https:\/\/historiadapsicologia.com.br\/wp-content\/uploads\/2024\/01\/hp-logo-fundo-branco-1024x1024.jpg 1024w, https:\/\/historiadapsicologia.com.br\/wp-content\/uploads\/2024\/01\/hp-logo-fundo-branco-150x150.jpg 150w, https:\/\/historiadapsicologia.com.br\/wp-content\/uploads\/2024\/01\/hp-logo-fundo-branco-768x768.jpg 768w, https:\/\/historiadapsicologia.com.br\/wp-content\/uploads\/2024\/01\/hp-logo-fundo-branco-1536x1536.jpg 1536w, https:\/\/historiadapsicologia.com.br\/wp-content\/uploads\/2024\/01\/hp-logo-fundo-branco-2048x2048.jpg 2048w\" sizes=\"(max-width: 2480px) 100vw, 2480px\" \/><\/a><\/figure><div class=\"elementor-image-box-content\"><h4 class=\"elementor-image-box-title\"><a href=\"http:\/\/wiki.historiadapsicologia.com.br\/index.php?title=P%C3%A1gina_principal\">WikiHP \u2013 Enciclop\u00e9dia Eletr\u00f4nica de Hist\u00f3ria da Psicologia<\/a><\/h4><p class=\"elementor-image-box-description\">A WikiHP \u00e9 uma enciclop\u00e9dia dedicada \u00e0 Hist\u00f3ria da Psicologia criada e mantida pelo Portal Hist\u00f3ria da Psicologia. Todos os verbetes foram criados com foco na hist\u00f3ria, e \u00e9 a \u00fanica de seu g\u00eanero em l\u00edngua portuguesa.\n<\/p><\/div><\/div>\t\t\t\t<\/div>\n\t\t\t\t<\/div>\n\t\t\t\t<\/div>\n\t\t<div class=\"elementor-element elementor-element-faf73cb e-con-full e-flex e-con e-child\" data-id=\"faf73cb\" data-element_type=\"container\" data-e-type=\"container\">\n\t\t\t\t<div class=\"elementor-element elementor-element-b5fca23 elementor-position-top elementor-widget elementor-widget-image-box\" data-id=\"b5fca23\" data-element_type=\"widget\" data-e-type=\"widget\" data-widget_type=\"image-box.default\">\n\t\t\t\t<div class=\"elementor-widget-container\">\n\t\t\t\t\t<div class=\"elementor-image-box-wrapper\"><figure class=\"elementor-image-box-img\"><a href=\"http:\/\/www.crpsp.org.br\/memoria\/\" tabindex=\"-1\"><img decoding=\"async\" width=\"148\" height=\"142\" src=\"https:\/\/historiadapsicologia.com.br\/wp-content\/uploads\/2024\/01\/image-18.png\" class=\"attachment-full size-full wp-image-802\" alt=\"\" \/><\/a><\/figure><div class=\"elementor-image-box-content\"><h4 class=\"elementor-image-box-title\"><a href=\"http:\/\/www.crpsp.org.br\/memoria\/\">Mem\u00f3ria da psicologia em S\u00e3o Paulo<\/a><\/h4><p class=\"elementor-image-box-description\">Site do Conselho Regional de Psicologia com v\u00eddeos e textos sobre institui\u00e7\u00f5es, personagens, \u00e1reas, entre outros elementos da psicologia brasileira.<\/p><\/div><\/div>\t\t\t\t<\/div>\n\t\t\t\t<\/div>\n\t\t\t\t<\/div>\n\t\t\t\t\t<\/div>\n\t\t\t\t<\/div>\n\t\t<div class=\"elementor-element elementor-element-0406c24 e-flex e-con-boxed e-con e-parent\" data-id=\"0406c24\" data-element_type=\"container\" data-e-type=\"container\" data-settings=\"{&quot;background_background&quot;:&quot;classic&quot;}\">\n\t\t\t\t\t<div class=\"e-con-inner\">\n\t\t<div class=\"elementor-element elementor-element-5c3944c e-con-full e-flex e-con e-child\" data-id=\"5c3944c\" data-element_type=\"container\" data-e-type=\"container\">\n\t\t\t\t<div class=\"elementor-element elementor-element-e44daab elementor-position-top elementor-widget elementor-widget-image-box\" data-id=\"e44daab\" data-element_type=\"widget\" data-e-type=\"widget\" data-widget_type=\"image-box.default\">\n\t\t\t\t<div class=\"elementor-widget-container\">\n\t\t\t\t\t<div class=\"elementor-image-box-wrapper\"><figure class=\"elementor-image-box-img\"><a href=\"http:\/\/newpsi.bvs-psi.org.br\/cgi-bin\/wxis1660.exe\/iah\/dicionario\/?IsisScript=iah\/iah.xis&#038;lang=P&#038;base=dicionario\" tabindex=\"-1\"><img decoding=\"async\" width=\"480\" height=\"480\" src=\"https:\/\/historiadapsicologia.com.br\/wp-content\/uploads\/2024\/01\/BVS.jpg\" class=\"attachment-full size-full wp-image-931\" alt=\"\" srcset=\"https:\/\/historiadapsicologia.com.br\/wp-content\/uploads\/2024\/01\/BVS.jpg 480w, https:\/\/historiadapsicologia.com.br\/wp-content\/uploads\/2024\/01\/BVS-300x300.jpg 300w, https:\/\/historiadapsicologia.com.br\/wp-content\/uploads\/2024\/01\/BVS-150x150.jpg 150w\" sizes=\"(max-width: 480px) 100vw, 480px\" \/><\/a><\/figure><div class=\"elementor-image-box-content\"><h4 class=\"elementor-image-box-title\"><a href=\"http:\/\/newpsi.bvs-psi.org.br\/cgi-bin\/wxis1660.exe\/iah\/dicionario\/?IsisScript=iah\/iah.xis&#038;lang=P&#038;base=dicionario\">Dicion\u00e1rio Biogr\u00e1fico da Psicologia Brasileira<\/a><\/h4><p class=\"elementor-image-box-description\">Este dicion\u00e1rio \u00e9 fruto do trabalho do grupo interinstitucional de pesquisa em Hist\u00f3ria da Psicologia, que se formou na Associa\u00e7\u00e3o Nacional de Pesquisa e P\u00f3s-gradua\u00e7\u00e3o em Psicologia (Anpepp). Criado sob a coordena\u00e7\u00e3o da Profa. Regina Helena de Freitas Campos, o material \u00e9 uma refer\u00eancia para todos os estudantes e pesquisadores da \u00e1rea da Hist\u00f3ria da Psicologia no Brasil. Conta com a colabora\u00e7\u00e3o de v\u00e1rios dos mais importantes pesquisadores da \u00e1rea.\n<\/p><\/div><\/div>\t\t\t\t<\/div>\n\t\t\t\t<\/div>\n\t\t\t\t<\/div>\n\t\t<div class=\"elementor-element elementor-element-5d2e9c0 e-con-full e-flex e-con e-child\" data-id=\"5d2e9c0\" data-element_type=\"container\" data-e-type=\"container\">\n\t\t\t\t<div class=\"elementor-element elementor-element-02db6c4 elementor-position-top elementor-widget elementor-widget-image-box\" data-id=\"02db6c4\" data-element_type=\"widget\" data-e-type=\"widget\" data-widget_type=\"image-box.default\">\n\t\t\t\t<div class=\"elementor-widget-container\">\n\t\t\t\t\t<div class=\"elementor-image-box-wrapper\"><figure class=\"elementor-image-box-img\"><a href=\"https:\/\/www.ufrgs.br\/museupsi\/\" tabindex=\"-1\"><img loading=\"lazy\" decoding=\"async\" width=\"323\" height=\"318\" src=\"https:\/\/historiadapsicologia.com.br\/wp-content\/uploads\/2024\/01\/image-19.png\" class=\"attachment-full size-full wp-image-803\" alt=\"\" srcset=\"https:\/\/historiadapsicologia.com.br\/wp-content\/uploads\/2024\/01\/image-19.png 323w, https:\/\/historiadapsicologia.com.br\/wp-content\/uploads\/2024\/01\/image-19-300x295.png 300w\" sizes=\"(max-width: 323px) 100vw, 323px\" \/><\/a><\/figure><div class=\"elementor-image-box-content\"><h4 class=\"elementor-image-box-title\"><a href=\"https:\/\/www.ufrgs.br\/museupsi\/\">Biografias do MuseuPsi<\/a><\/h4><p class=\"elementor-image-box-description\">O Museu Virtual da Psicologia no Brasil tem por objetivo disponibilizar livros, artigos, documentos de valor hist\u00f3rico e estudos historiogr\u00e1ficos. O MuseuPSI est\u00e1 iniciando com materiais e documentos de arquivos e bibliotecas do Estado do Rio Grande do Sul, com materiais hist\u00f3ricos do Laborat\u00f3rio de Avalia\u00e7\u00e3o Psicol\u00f3gica da UFRGS e com alguns textos j\u00e1 produzidos pelo N\u00facleo de Epistemologia e Hist\u00f3ria da Psicologia da UFRGS. Cont\u00e9m muitas fontes digitalizadas e dispon\u00edveis online\n<\/p><\/div><\/div>\t\t\t\t<\/div>\n\t\t\t\t<\/div>\n\t\t\t\t<\/div>\n\t\t\t\t\t<\/div>\n\t\t\t\t<\/div>\n\t\t<div class=\"elementor-element elementor-element-4b7f3f4 e-flex e-con-boxed e-con e-parent\" data-id=\"4b7f3f4\" data-element_type=\"container\" data-e-type=\"container\" data-settings=\"{&quot;background_background&quot;:&quot;classic&quot;}\">\n\t\t\t\t\t<div class=\"e-con-inner\">\n\t\t<div class=\"elementor-element elementor-element-42ad59b e-con-full e-flex e-con e-child\" data-id=\"42ad59b\" data-element_type=\"container\" data-e-type=\"container\">\n\t\t\t\t<div class=\"elementor-element elementor-element-12466ba5 elementor-position-top elementor-widget elementor-widget-image-box\" data-id=\"12466ba5\" data-element_type=\"widget\" data-e-type=\"widget\" data-widget_type=\"image-box.default\">\n\t\t\t\t<div class=\"elementor-widget-container\">\n\t\t\t\t\t<div class=\"elementor-image-box-wrapper\"><figure class=\"elementor-image-box-img\"><a href=\"http:\/\/www.cliopsyche.uerj.br\/personagens\/\" tabindex=\"-1\"><img loading=\"lazy\" decoding=\"async\" width=\"176\" height=\"176\" src=\"https:\/\/historiadapsicologia.com.br\/wp-content\/uploads\/2024\/01\/Canal-Clio.jpg\" class=\"attachment-full size-full wp-image-1328\" alt=\"\" srcset=\"https:\/\/historiadapsicologia.com.br\/wp-content\/uploads\/2024\/01\/Canal-Clio.jpg 176w, https:\/\/historiadapsicologia.com.br\/wp-content\/uploads\/2024\/01\/Canal-Clio-150x150.jpg 150w\" sizes=\"(max-width: 176px) 100vw, 176px\" \/><\/a><\/figure><div class=\"elementor-image-box-content\"><h4 class=\"elementor-image-box-title\"><a href=\"http:\/\/www.cliopsyche.uerj.br\/personagens\/\">Biografias Clio-Psych\u00e9<\/a><\/h4><p class=\"elementor-image-box-description\">Se\u00e7\u00e3o de biografias do Clio-Psych\u00e9, conta com v\u00e1rias biografias de psic\u00f3logos e figuras relevantes da psicologia brasileira<\/p><\/div><\/div>\t\t\t\t<\/div>\n\t\t\t\t<\/div>\n\t\t\t\t<\/div>\n\t\t<div class=\"elementor-element elementor-element-93ed333 e-con-full e-flex e-con e-child\" data-id=\"93ed333\" data-element_type=\"container\" data-e-type=\"container\">\n\t\t\t\t<div class=\"elementor-element elementor-element-21824e05 elementor-position-top elementor-widget elementor-widget-image-box\" data-id=\"21824e05\" data-element_type=\"widget\" data-e-type=\"widget\" data-widget_type=\"image-box.default\">\n\t\t\t\t<div class=\"elementor-widget-container\">\n\t\t\t\t\t<div class=\"elementor-image-box-wrapper\"><figure class=\"elementor-image-box-img\"><a href=\"https:\/\/psychologia.wixsite.com\/psychologia-website\" tabindex=\"-1\"><img loading=\"lazy\" decoding=\"async\" width=\"150\" height=\"150\" src=\"https:\/\/historiadapsicologia.com.br\/wp-content\/uploads\/2024\/01\/image-6-150x150.png\" class=\"attachment-thumbnail size-thumbnail wp-image-791\" alt=\"\" srcset=\"https:\/\/historiadapsicologia.com.br\/wp-content\/uploads\/2024\/01\/image-6-150x150.png 150w, https:\/\/historiadapsicologia.com.br\/wp-content\/uploads\/2024\/01\/image-6-300x298.png 300w, https:\/\/historiadapsicologia.com.br\/wp-content\/uploads\/2024\/01\/image-6.png 323w\" sizes=\"(max-width: 150px) 100vw, 150px\" \/><\/a><\/figure><div class=\"elementor-image-box-content\"><h4 class=\"elementor-image-box-title\"><a href=\"https:\/\/psychologia.wixsite.com\/psychologia-website\">Psychologia (em franc\u00eas)<\/a><\/h4><p class=\"elementor-image-box-description\">Criado pelo Prof. Serge Nicolas, da Universidade Paris-Descartes, trata-se de uma \u00f3tima enciclop\u00e9dia biogr\u00e1fica em franc\u00eas com grande quantidade de textos biogr\u00e1ficos de alta qualidade<\/p><\/div><\/div>\t\t\t\t<\/div>\n\t\t\t\t<\/div>\n\t\t\t\t<\/div>\n\t\t\t\t\t<\/div>\n\t\t\t\t<\/div>\n\t\t<div class=\"elementor-element elementor-element-435b95d e-flex e-con-boxed e-con e-parent\" data-id=\"435b95d\" data-element_type=\"container\" data-e-type=\"container\" data-settings=\"{&quot;background_background&quot;:&quot;classic&quot;}\">\n\t\t\t\t\t<div class=\"e-con-inner\">\n\t\t<div class=\"elementor-element elementor-element-beee38d e-con-full e-flex e-con e-child\" data-id=\"beee38d\" data-element_type=\"container\" data-e-type=\"container\">\n\t\t\t\t<div class=\"elementor-element elementor-element-69d43fd8 elementor-position-top elementor-widget elementor-widget-image-box\" data-id=\"69d43fd8\" data-element_type=\"widget\" data-e-type=\"widget\" data-widget_type=\"image-box.default\">\n\t\t\t\t<div class=\"elementor-widget-container\">\n\t\t\t\t\t<div class=\"elementor-image-box-wrapper\"><figure class=\"elementor-image-box-img\"><a href=\"https:\/\/oxfordre.com\/psychology\/page\/psych-history\/the-oxford-encyclopedia-of-the-history-of-psychology\" tabindex=\"-1\"><img loading=\"lazy\" decoding=\"async\" width=\"142\" height=\"143\" src=\"https:\/\/historiadapsicologia.com.br\/wp-content\/uploads\/2024\/01\/image-21.png\" class=\"attachment-full size-full wp-image-805\" alt=\"\" \/><\/a><\/figure><div class=\"elementor-image-box-content\"><h4 class=\"elementor-image-box-title\"><a href=\"https:\/\/oxfordre.com\/psychology\/page\/psych-history\/the-oxford-encyclopedia-of-the-history-of-psychology\">The Oxford Encyclopedia of the History of Psychology (em ingl\u00eas)<\/a><\/h4><p class=\"elementor-image-box-description\">Enciclop\u00e9dia revisada por pares em ingl\u00eas da Universidade Oxford, integra o programa maior de enciclop\u00e9dias online desta universidade. Apesar de estar em ingl\u00eas, conta com a contribui\u00e7\u00e3o de autores brasileiros e outros iberoamericanos.<\/p><\/div><\/div>\t\t\t\t<\/div>\n\t\t\t\t<\/div>\n\t\t\t\t<\/div>\n\t\t<div class=\"elementor-element elementor-element-5b27cf4 e-con-full e-flex e-con e-child\" data-id=\"5b27cf4\" data-element_type=\"container\" data-e-type=\"container\">\n\t\t\t\t<div class=\"elementor-element elementor-element-c015a00 elementor-position-top elementor-widget elementor-widget-image-box\" data-id=\"c015a00\" data-element_type=\"widget\" data-e-type=\"widget\" data-widget_type=\"image-box.default\">\n\t\t\t\t<div class=\"elementor-widget-container\">\n\t\t\t\t\t<div class=\"elementor-image-box-wrapper\"><figure class=\"elementor-image-box-img\"><a href=\"http:\/\/psychiatrie.histoire.free.fr\/\" tabindex=\"-1\"><img loading=\"lazy\" decoding=\"async\" width=\"145\" height=\"142\" src=\"https:\/\/historiadapsicologia.com.br\/wp-content\/uploads\/2024\/01\/image-22.png\" class=\"attachment-full size-full wp-image-806\" alt=\"\" \/><\/a><\/figure><div class=\"elementor-image-box-content\"><h4 class=\"elementor-image-box-title\"><a href=\"http:\/\/psychiatrie.histoire.free.fr\/\">Histoire de la Psychiatrie en France (em franc\u00eas)<\/a><\/h4><p class=\"elementor-image-box-description\">Museu virtual da hist\u00f3ria da psiquiatria francesa, conta com um grande n\u00famero de biografias, textos explicativos, imagens, fontes, entre outros\n\n<\/p><\/div><\/div>\t\t\t\t<\/div>\n\t\t\t\t<\/div>\n\t\t\t\t<\/div>\n\t\t\t\t\t<\/div>\n\t\t\t\t<\/div>\n\t\t<div class=\"elementor-element elementor-element-f3c170d e-flex e-con-boxed e-con e-parent\" data-id=\"f3c170d\" data-element_type=\"container\" data-e-type=\"container\" data-settings=\"{&quot;background_background&quot;:&quot;classic&quot;}\">\n\t\t\t\t\t<div class=\"e-con-inner\">\n\t\t<div class=\"elementor-element elementor-element-58e4d8d e-con-full e-flex e-con e-child\" data-id=\"58e4d8d\" data-element_type=\"container\" data-e-type=\"container\">\n\t\t\t\t<div class=\"elementor-element elementor-element-b91e69c elementor-position-top elementor-widget elementor-widget-image-box\" data-id=\"b91e69c\" data-element_type=\"widget\" data-e-type=\"widget\" data-widget_type=\"image-box.default\">\n\t\t\t\t<div class=\"elementor-widget-container\">\n\t\t\t\t\t<div class=\"elementor-image-box-wrapper\"><figure class=\"elementor-image-box-img\"><a href=\"https:\/\/dictionary.apa.org\/\" tabindex=\"-1\"><img loading=\"lazy\" decoding=\"async\" width=\"143\" height=\"144\" src=\"https:\/\/historiadapsicologia.com.br\/wp-content\/uploads\/2024\/01\/image-24.png\" class=\"attachment-full size-full wp-image-807\" alt=\"\" \/><\/a><\/figure><div class=\"elementor-image-box-content\"><h4 class=\"elementor-image-box-title\"><a href=\"https:\/\/dictionary.apa.org\/\">APA Dictionary of Psychology (em ingl\u00eas)<\/a><\/h4><p class=\"elementor-image-box-description\">Dicion\u00e1rio de psicologia online gratuito mantido pela Associa\u00e7\u00e3o de Psicologia Americana.\n<\/p><\/div><\/div>\t\t\t\t<\/div>\n\t\t\t\t<\/div>\n\t\t\t\t<\/div>\n\t\t<div class=\"elementor-element elementor-element-a5520a1 e-con-full e-flex e-con e-child\" data-id=\"a5520a1\" data-element_type=\"container\" data-e-type=\"container\">\n\t\t\t\t<div class=\"elementor-element elementor-element-2f2071e elementor-position-top elementor-widget elementor-widget-image-box\" data-id=\"2f2071e\" data-element_type=\"widget\" data-e-type=\"widget\" data-widget_type=\"image-box.default\">\n\t\t\t\t<div class=\"elementor-widget-container\">\n\t\t\t\t\t<div class=\"elementor-image-box-wrapper\"><figure class=\"elementor-image-box-img\"><a href=\"http:\/\/wiki.historiadapsicologia.com.br\/index.php?title=P%C3%A1gina_principal\" tabindex=\"-1\"><img loading=\"lazy\" decoding=\"async\" width=\"337\" height=\"336\" src=\"https:\/\/historiadapsicologia.com.br\/wp-content\/uploads\/2024\/01\/image-25.png\" class=\"attachment-full size-full wp-image-808\" alt=\"\" srcset=\"https:\/\/historiadapsicologia.com.br\/wp-content\/uploads\/2024\/01\/image-25.png 337w, https:\/\/historiadapsicologia.com.br\/wp-content\/uploads\/2024\/01\/image-25-300x300.png 300w, https:\/\/historiadapsicologia.com.br\/wp-content\/uploads\/2024\/01\/image-25-150x150.png 150w\" sizes=\"(max-width: 337px) 100vw, 337px\" \/><\/a><\/figure><div class=\"elementor-image-box-content\"><h4 class=\"elementor-image-box-title\"><a href=\"http:\/\/wiki.historiadapsicologia.com.br\/index.php?title=P%C3%A1gina_principal\">Psychology Dictionary (em ingl\u00eas)<\/a><\/h4><p class=\"elementor-image-box-description\">Dicion\u00e1rio de Psicologia online, gratuito e em ingl\u00eas, desenvolvida por um grupo aut\u00f4nomo de PhDs com mais de 20 mil entradas.\n<\/p><\/div><\/div>\t\t\t\t<\/div>\n\t\t\t\t<\/div>\n\t\t\t\t<\/div>\n\t\t\t\t\t<\/div>\n\t\t\t\t<\/div>\n\t\t\t\t<\/div>\n\t\t","protected":false},"excerpt":{"rendered":"<p>Recursos Online WikiHP \u2013 Enciclop\u00e9dia Eletr\u00f4nica de Hist\u00f3ria da Psicologia A WikiHP \u00e9 uma enciclop\u00e9dia dedicada \u00e0 Hist\u00f3ria da Psicologia criada e mantida pelo Portal Hist\u00f3ria da Psicologia. Todos os verbetes foram criados com foco na hist\u00f3ria, e \u00e9 a \u00fanica de seu g\u00eanero em l\u00edngua portuguesa. Mem\u00f3ria da psicologia em S\u00e3o Paulo Site do [&hellip;]<\/p>\n","protected":false},"author":2,"featured_media":0,"parent":0,"menu_order":0,"comment_status":"closed","ping_status":"closed","template":"","meta":{"_eb_attr":"","om_disable_all_campaigns":false,"_monsterinsights_skip_tracking":false,"_monsterinsights_sitenote_active":false,"_monsterinsights_sitenote_note":"","_monsterinsights_sitenote_category":0,"_uf_show_specific_survey":0,"_uf_disable_surveys":false,"site-sidebar-layout":"no-sidebar","site-content-layout":"","ast-site-content-layout":"full-width-container","site-content-style":"default","site-sidebar-style":"default","ast-global-header-display":"","ast-banner-title-visibility":"","ast-main-header-display":"","ast-hfb-above-header-display":"","ast-hfb-below-header-display":"","ast-hfb-mobile-header-display":"","site-post-title":"disabled","ast-breadcrumbs-content":"","ast-featured-img":"disabled","footer-sml-layout":"","theme-transparent-header-meta":"","adv-header-id-meta":"","stick-header-meta":"","header-above-stick-meta":"","header-main-stick-meta":"","header-below-stick-meta":"","astra-migrate-meta-layouts":"default","ast-page-background-enabled":"default","ast-page-background-meta":{"desktop":{"background-color":"var(--ast-global-color-4)","background-image":"","background-repeat":"repeat","background-position":"center center","background-size":"auto","background-attachment":"scroll","background-type":"","background-media":"","overlay-type":"","overlay-color":"","overlay-opacity":"","overlay-gradient":""},"tablet":{"background-color":"","background-image":"","background-repeat":"repeat","background-position":"center center","background-size":"auto","background-attachment":"scroll","background-type":"","background-media":"","overlay-type":"","overlay-color":"","overlay-opacity":"","overlay-gradient":""},"mobile":{"background-color":"","background-image":"","background-repeat":"repeat","background-position":"center center","background-size":"auto","background-attachment":"scroll","background-type":"","background-media":"","overlay-type":"","overlay-color":"","overlay-opacity":"","overlay-gradient":""}},"ast-content-background-meta":{"desktop":{"background-color":"var(--ast-global-color-5)","background-image":"","background-repeat":"repeat","background-position":"center center","background-size":"auto","background-attachment":"scroll","background-type":"","background-media":"","overlay-type":"","overlay-color":"","overlay-opacity":"","overlay-gradient":""},"tablet":{"background-color":"var(--ast-global-color-5)","background-image":"","background-repeat":"repeat","background-position":"center center","background-size":"auto","background-attachment":"scroll","background-type":"","background-media":"","overlay-type":"","overlay-color":"","overlay-opacity":"","overlay-gradient":""},"mobile":{"background-color":"var(--ast-global-color-5)","background-image":"","background-repeat":"repeat","background-position":"center center","background-size":"auto","background-attachment":"scroll","background-type":"","background-media":"","overlay-type":"","overlay-color":"","overlay-opacity":"","overlay-gradient":""}},"footnotes":""},"class_list":["post-91","page","type-page","status-publish","hentry"],"aioseo_notices":[],"_links":{"self":[{"href":"https:\/\/historiadapsicologia.com.br\/index.php\/wp-json\/wp\/v2\/pages\/91","targetHints":{"allow":["GET"]}}],"collection":[{"href":"https:\/\/historiadapsicologia.com.br\/index.php\/wp-json\/wp\/v2\/pages"}],"about":[{"href":"https:\/\/historiadapsicologia.com.br\/index.php\/wp-json\/wp\/v2\/types\/page"}],"author":[{"embeddable":true,"href":"https:\/\/historiadapsicologia.com.br\/index.php\/wp-json\/wp\/v2\/users\/2"}],"replies":[{"embeddable":true,"href":"https:\/\/historiadapsicologia.com.br\/index.php\/wp-json\/wp\/v2\/comments?post=91"}],"version-history":[{"count":163,"href":"https:\/\/historiadapsicologia.com.br\/index.php\/wp-json\/wp\/v2\/pages\/91\/revisions"}],"predecessor-version":[{"id":1355,"href":"https:\/\/historiadapsicologia.com.br\/index.php\/wp-json\/wp\/v2\/pages\/91\/revisions\/1355"}],"wp:attachment":[{"href":"https:\/\/historiadapsicologia.com.br\/index.php\/wp-json\/wp\/v2\/media?parent=91"}],"curies":[{"name":"wp","href":"https:\/\/api.w.org\/{rel}","templated":true}]}}