{"id":95,"date":"2023-12-08T14:04:21","date_gmt":"2023-12-08T17:04:21","guid":{"rendered":"https:\/\/historiadapsicologia.com.br\/?page_id=95"},"modified":"2024-01-31T12:43:56","modified_gmt":"2024-01-31T15:43:56","slug":"recursos-audiovisuais","status":"publish","type":"page","link":"https:\/\/historiadapsicologia.com.br\/index.php\/recursos-audiovisuais\/","title":{"rendered":"Recursos Audiovisuais"},"content":{"rendered":"\t\t<div data-elementor-type=\"wp-page\" data-elementor-id=\"95\" class=\"elementor elementor-95\">\n\t\t\t\t<div class=\"elementor-element elementor-element-6fe4fa26 e-flex e-con-boxed e-con e-parent\" data-id=\"6fe4fa26\" data-element_type=\"container\" data-e-type=\"container\" data-settings=\"{&quot;background_background&quot;:&quot;classic&quot;}\">\n\t\t\t\t\t<div class=\"e-con-inner\">\n\t\t\t\t<div class=\"elementor-element elementor-element-71cb3e8f elementor-widget elementor-widget-heading\" data-id=\"71cb3e8f\" data-element_type=\"widget\" data-e-type=\"widget\" data-widget_type=\"heading.default\">\n\t\t\t\t<div class=\"elementor-widget-container\">\n\t\t\t\t\t<h1 class=\"elementor-heading-title elementor-size-xl\">Recursos Audiovisuais<\/h1>\t\t\t\t<\/div>\n\t\t\t\t<\/div>\n\t\t\t\t\t<\/div>\n\t\t\t\t<\/div>\n\t\t<div class=\"elementor-element elementor-element-5bacbc7 e-flex e-con-boxed e-con e-parent\" data-id=\"5bacbc7\" data-element_type=\"container\" data-e-type=\"container\" data-settings=\"{&quot;background_background&quot;:&quot;classic&quot;}\">\n\t\t\t\t\t<div class=\"e-con-inner\">\n\t\t<div class=\"elementor-element elementor-element-38c90ba e-con-full e-flex e-con e-child\" data-id=\"38c90ba\" data-element_type=\"container\" data-e-type=\"container\">\n\t\t\t\t<div class=\"elementor-element elementor-element-d4297dd elementor-widget elementor-widget-text-editor\" data-id=\"d4297dd\" data-element_type=\"widget\" data-e-type=\"widget\" data-widget_type=\"text-editor.default\">\n\t\t\t\t<div class=\"elementor-widget-container\">\n\t\t\t\t\t\t\t\t\t<p>Canais no YouTube<\/p>\t\t\t\t\t\t\t\t<\/div>\n\t\t\t\t<\/div>\n\t\t\t\t<\/div>\n\t\t<div class=\"elementor-element elementor-element-82b13fc e-con-full e-flex e-con e-child\" data-id=\"82b13fc\" data-element_type=\"container\" data-e-type=\"container\">\n\t\t\t\t<div class=\"elementor-element elementor-element-36fb7c7 elementor-position-top elementor-widget elementor-widget-image-box\" data-id=\"36fb7c7\" data-element_type=\"widget\" data-e-type=\"widget\" data-widget_type=\"image-box.default\">\n\t\t\t\t<div class=\"elementor-widget-container\">\n\t\t\t\t\t<div class=\"elementor-image-box-wrapper\"><figure class=\"elementor-image-box-img\"><a href=\"https:\/\/www.youtube.com\/c\/Hist%C3%B3riadaPsicologiaTV\" tabindex=\"-1\"><img fetchpriority=\"high\" decoding=\"async\" width=\"2480\" height=\"2480\" src=\"https:\/\/historiadapsicologia.com.br\/wp-content\/uploads\/2024\/01\/hp-logo-fundo-branco.jpg\" class=\"attachment-full size-full wp-image-785\" alt=\"\" srcset=\"https:\/\/historiadapsicologia.com.br\/wp-content\/uploads\/2024\/01\/hp-logo-fundo-branco.jpg 2480w, https:\/\/historiadapsicologia.com.br\/wp-content\/uploads\/2024\/01\/hp-logo-fundo-branco-300x300.jpg 300w, https:\/\/historiadapsicologia.com.br\/wp-content\/uploads\/2024\/01\/hp-logo-fundo-branco-1024x1024.jpg 1024w, https:\/\/historiadapsicologia.com.br\/wp-content\/uploads\/2024\/01\/hp-logo-fundo-branco-150x150.jpg 150w, https:\/\/historiadapsicologia.com.br\/wp-content\/uploads\/2024\/01\/hp-logo-fundo-branco-768x768.jpg 768w, https:\/\/historiadapsicologia.com.br\/wp-content\/uploads\/2024\/01\/hp-logo-fundo-branco-1536x1536.jpg 1536w, https:\/\/historiadapsicologia.com.br\/wp-content\/uploads\/2024\/01\/hp-logo-fundo-branco-2048x2048.jpg 2048w\" sizes=\"(max-width: 2480px) 100vw, 2480px\" \/><\/a><\/figure><div class=\"elementor-image-box-content\"><h4 class=\"elementor-image-box-title\"><a href=\"https:\/\/www.youtube.com\/c\/Hist%C3%B3riadaPsicologiaTV\">Hist\u00f3ria da Psicologia TV<\/a><\/h4><p class=\"elementor-image-box-description\">Canal parte do Portal Hist\u00f3ria da Psicologia, que recebe o apoio da Universidade Federal Fluminense, atrav\u00e9s de sua Pr\u00f3-reitoria de Extens\u00e3o.<\/p><\/div><\/div>\t\t\t\t<\/div>\n\t\t\t\t<\/div>\n\t\t\t\t<\/div>\n\t\t<div class=\"elementor-element elementor-element-7aceef8 e-con-full e-flex e-con e-child\" data-id=\"7aceef8\" data-element_type=\"container\" data-e-type=\"container\">\n\t\t\t\t<div class=\"elementor-element elementor-element-7536440 elementor-position-top elementor-widget elementor-widget-image-box\" data-id=\"7536440\" data-element_type=\"widget\" data-e-type=\"widget\" data-widget_type=\"image-box.default\">\n\t\t\t\t<div class=\"elementor-widget-container\">\n\t\t\t\t\t<div class=\"elementor-image-box-wrapper\"><figure class=\"elementor-image-box-img\"><a href=\"https:\/\/www.youtube.com\/channel\/UCqLs_9Ohgk6Imz2oWoJhykg\" tabindex=\"-1\"><img decoding=\"async\" width=\"330\" height=\"332\" src=\"https:\/\/historiadapsicologia.com.br\/wp-content\/uploads\/2024\/01\/image-53.png\" class=\"attachment-full size-full wp-image-831\" alt=\"\" srcset=\"https:\/\/historiadapsicologia.com.br\/wp-content\/uploads\/2024\/01\/image-53.png 330w, https:\/\/historiadapsicologia.com.br\/wp-content\/uploads\/2024\/01\/image-53-298x300.png 298w, https:\/\/historiadapsicologia.com.br\/wp-content\/uploads\/2024\/01\/image-53-150x150.png 150w\" sizes=\"(max-width: 330px) 100vw, 330px\" \/><\/a><\/figure><div class=\"elementor-image-box-content\"><h4 class=\"elementor-image-box-title\"><a href=\"https:\/\/www.youtube.com\/channel\/UCqLs_9Ohgk6Imz2oWoJhykg\">Sociedade Brasileira de Hist\u00f3ria da Psicologia<\/a><\/h4><p class=\"elementor-image-box-description\">Canal no YouTube da SBHP, onde est\u00e3o guardadas palestras e confer\u00eancias ministradas durante o V Congresso Brasileiro de Hist\u00f3ria da Psicologia e outras m\u00eddias.<\/p><\/div><\/div>\t\t\t\t<\/div>\n\t\t\t\t<\/div>\n\t\t\t\t<\/div>\n\t\t\t\t\t<\/div>\n\t\t\t\t<\/div>\n\t\t<div class=\"elementor-element elementor-element-2dfc9ff e-flex e-con-boxed e-con e-parent\" data-id=\"2dfc9ff\" data-element_type=\"container\" data-e-type=\"container\" data-settings=\"{&quot;background_background&quot;:&quot;classic&quot;}\">\n\t\t\t\t\t<div class=\"e-con-inner\">\n\t\t<div class=\"elementor-element elementor-element-1448f26 e-con-full e-flex e-con e-child\" data-id=\"1448f26\" data-element_type=\"container\" data-e-type=\"container\">\n\t\t\t\t<div class=\"elementor-element elementor-element-a7bd9a3 elementor-position-top elementor-widget elementor-widget-image-box\" data-id=\"a7bd9a3\" data-element_type=\"widget\" data-e-type=\"widget\" data-widget_type=\"image-box.default\">\n\t\t\t\t<div class=\"elementor-widget-container\">\n\t\t\t\t\t<div class=\"elementor-image-box-wrapper\"><figure class=\"elementor-image-box-img\"><a href=\"https:\/\/www.youtube.com\/channel\/UCHZ_8SCJcrcHHyweI4DgUsg?app=desktop\" tabindex=\"-1\"><img decoding=\"async\" width=\"154\" height=\"152\" src=\"https:\/\/historiadapsicologia.com.br\/wp-content\/uploads\/2024\/01\/image-67.png\" class=\"attachment-full size-full wp-image-841\" alt=\"\" \/><\/a><\/figure><div class=\"elementor-image-box-content\"><h4 class=\"elementor-image-box-title\"><a href=\"https:\/\/www.youtube.com\/channel\/UCHZ_8SCJcrcHHyweI4DgUsg?app=desktop\">Centro de Documenta\u00e7\u00e3o &amp; Pesquisa Helena Antipoff<\/a><\/h4><p class=\"elementor-image-box-description\">O canal no YouTube do Centro de Documenta\u00e7\u00e3o e Pesquisa Helena Antipoff (CDPHA), vinculado \u00e0 UFMG, tem objetivo de divulgar a obra e as ideias da psic\u00f3loga e educadora Helena Antipoff e seus desdobramentos na atualidade.\n<\/p><\/div><\/div>\t\t\t\t<\/div>\n\t\t\t\t<\/div>\n\t\t\t\t<\/div>\n\t\t<div class=\"elementor-element elementor-element-bddae70 e-con-full e-flex e-con e-child\" data-id=\"bddae70\" data-element_type=\"container\" data-e-type=\"container\">\n\t\t\t\t<div class=\"elementor-element elementor-element-300099c elementor-position-top elementor-widget elementor-widget-image-box\" data-id=\"300099c\" data-element_type=\"widget\" data-e-type=\"widget\" data-widget_type=\"image-box.default\">\n\t\t\t\t<div class=\"elementor-widget-container\">\n\t\t\t\t\t<div class=\"elementor-image-box-wrapper\"><figure class=\"elementor-image-box-img\"><a href=\"https:\/\/www.youtube.com\/user\/UFMGfae\" tabindex=\"-1\"><img loading=\"lazy\" decoding=\"async\" width=\"317\" height=\"317\" src=\"https:\/\/historiadapsicologia.com.br\/wp-content\/uploads\/2024\/01\/image-3.png\" class=\"attachment-full size-full wp-image-787\" alt=\"\" srcset=\"https:\/\/historiadapsicologia.com.br\/wp-content\/uploads\/2024\/01\/image-3.png 317w, https:\/\/historiadapsicologia.com.br\/wp-content\/uploads\/2024\/01\/image-3-300x300.png 300w, https:\/\/historiadapsicologia.com.br\/wp-content\/uploads\/2024\/01\/image-3-150x150.png 150w\" sizes=\"(max-width: 317px) 100vw, 317px\" \/><\/a><\/figure><div class=\"elementor-image-box-content\"><h4 class=\"elementor-image-box-title\"><a href=\"https:\/\/www.youtube.com\/user\/UFMGfae\">Faculdade de Educa\u00e7\u00e3o da UFMG<\/a><\/h4><p class=\"elementor-image-box-description\">Canal no YouTube da Faculdade de Educa\u00e7\u00e3o, onde \u00e9 poss\u00edvel assistir palestras e confer\u00eancias de alguns dos Encontros Anuais Helena Antipoff, um dos mais importantes encontros brasileiros na \u00e1rea da hist\u00f3ria da psicologia.<\/p><\/div><\/div>\t\t\t\t<\/div>\n\t\t\t\t<\/div>\n\t\t\t\t<\/div>\n\t\t\t\t\t<\/div>\n\t\t\t\t<\/div>\n\t\t<div class=\"elementor-element elementor-element-155f019 e-flex e-con-boxed e-con e-parent\" data-id=\"155f019\" data-element_type=\"container\" data-e-type=\"container\" data-settings=\"{&quot;background_background&quot;:&quot;classic&quot;}\">\n\t\t\t\t\t<div class=\"e-con-inner\">\n\t\t<div class=\"elementor-element elementor-element-23155ef e-con-full e-flex e-con e-child\" data-id=\"23155ef\" data-element_type=\"container\" data-e-type=\"container\">\n\t\t\t\t<div class=\"elementor-element elementor-element-8c7df3a elementor-position-top elementor-widget elementor-widget-image-box\" data-id=\"8c7df3a\" data-element_type=\"widget\" data-e-type=\"widget\" data-widget_type=\"image-box.default\">\n\t\t\t\t<div class=\"elementor-widget-container\">\n\t\t\t\t\t<div class=\"elementor-image-box-wrapper\"><figure class=\"elementor-image-box-img\"><a href=\"https:\/\/www.youtube.com\/@ClioPsyche\" tabindex=\"-1\"><img loading=\"lazy\" decoding=\"async\" width=\"176\" height=\"176\" src=\"https:\/\/historiadapsicologia.com.br\/wp-content\/uploads\/2024\/01\/Canal-Clio.jpg\" class=\"attachment-full size-full wp-image-1328\" alt=\"\" srcset=\"https:\/\/historiadapsicologia.com.br\/wp-content\/uploads\/2024\/01\/Canal-Clio.jpg 176w, https:\/\/historiadapsicologia.com.br\/wp-content\/uploads\/2024\/01\/Canal-Clio-150x150.jpg 150w\" sizes=\"(max-width: 176px) 100vw, 176px\" \/><\/a><\/figure><div class=\"elementor-image-box-content\"><h4 class=\"elementor-image-box-title\"><a href=\"https:\/\/www.youtube.com\/@ClioPsyche\">Clio Pych\u00e9<\/a><\/h4><p class=\"elementor-image-box-description\">Canal do Laborat\u00f3rio de Hist\u00f3ria e Mem\u00f3ria da Psicologia, vinculado ao Instituto de Psicologia da UERJ, onde pode-se encontrar farta produ\u00e7\u00e3o vinculado ao Laborat\u00f3rio<\/p><\/div><\/div>\t\t\t\t<\/div>\n\t\t\t\t<\/div>\n\t\t\t\t<\/div>\n\t\t\t\t\t<\/div>\n\t\t\t\t<\/div>\n\t\t<div class=\"elementor-element elementor-element-debd4cf e-flex e-con-boxed e-con e-parent\" data-id=\"debd4cf\" data-element_type=\"container\" data-e-type=\"container\" data-settings=\"{&quot;background_background&quot;:&quot;classic&quot;}\">\n\t\t\t\t\t<div class=\"e-con-inner\">\n\t\t<div class=\"elementor-element elementor-element-03ba7fc e-con-full e-flex e-con e-child\" data-id=\"03ba7fc\" data-element_type=\"container\" data-e-type=\"container\">\n\t\t\t\t<div class=\"elementor-element elementor-element-a81dc85 elementor-widget elementor-widget-text-editor\" data-id=\"a81dc85\" data-element_type=\"widget\" data-e-type=\"widget\" data-widget_type=\"text-editor.default\">\n\t\t\t\t<div class=\"elementor-widget-container\">\n\t\t\t\t\t\t\t\t\t<p>Podcasts<\/p>\t\t\t\t\t\t\t\t<\/div>\n\t\t\t\t<\/div>\n\t\t\t\t<\/div>\n\t\t<div class=\"elementor-element elementor-element-d3ed301 e-con-full e-flex e-con e-child\" data-id=\"d3ed301\" data-element_type=\"container\" data-e-type=\"container\">\n\t\t\t\t<div class=\"elementor-element elementor-element-221e079 elementor-position-top elementor-widget elementor-widget-image-box\" data-id=\"221e079\" data-element_type=\"widget\" data-e-type=\"widget\" data-widget_type=\"image-box.default\">\n\t\t\t\t<div class=\"elementor-widget-container\">\n\t\t\t\t\t<div class=\"elementor-image-box-wrapper\"><figure class=\"elementor-image-box-img\"><a href=\"https:\/\/open.spotify.com\/show\/479oExZ8Ovu18Etz7oi4Ah?si=24bf931fbb7447eb&#038;nd=1&#038;dlsi=0704cecdadd64663\" tabindex=\"-1\"><img loading=\"lazy\" decoding=\"async\" width=\"531\" height=\"534\" src=\"https:\/\/historiadapsicologia.com.br\/wp-content\/uploads\/2024\/01\/image-6-1.png\" class=\"attachment-full size-full wp-image-790\" alt=\"\" srcset=\"https:\/\/historiadapsicologia.com.br\/wp-content\/uploads\/2024\/01\/image-6-1.png 531w, https:\/\/historiadapsicologia.com.br\/wp-content\/uploads\/2024\/01\/image-6-1-298x300.png 298w, https:\/\/historiadapsicologia.com.br\/wp-content\/uploads\/2024\/01\/image-6-1-150x150.png 150w\" sizes=\"(max-width: 531px) 100vw, 531px\" \/><\/a><\/figure><div class=\"elementor-image-box-content\"><h4 class=\"elementor-image-box-title\"><a href=\"https:\/\/open.spotify.com\/show\/479oExZ8Ovu18Etz7oi4Ah?si=24bf931fbb7447eb&#038;nd=1&#038;dlsi=0704cecdadd64663\">Grito Decolonial<\/a><\/h4><p class=\"elementor-image-box-description\">Podcast coordenado pela Profa. \u00c9rika Louren\u00e7o, da Universidade Federal de Minas Gerais, divulga a voz da psicologia do sul global. Conta com epis\u00f3dios sobre Neusa Souza, Marin-Bar\u00f3 e di\u00e1logos sobre a psicologia a partir de uma \u00f3tica decolonial.<\/p><\/div><\/div>\t\t\t\t<\/div>\n\t\t\t\t<\/div>\n\t\t\t\t<\/div>\n\t\t<div class=\"elementor-element elementor-element-a98decf e-con-full e-flex e-con e-child\" data-id=\"a98decf\" data-element_type=\"container\" data-e-type=\"container\">\n\t\t\t\t<div class=\"elementor-element elementor-element-100ab45 elementor-position-top elementor-widget elementor-widget-image-box\" data-id=\"100ab45\" data-element_type=\"widget\" data-e-type=\"widget\" data-widget_type=\"image-box.default\">\n\t\t\t\t<div class=\"elementor-widget-container\">\n\t\t\t\t\t<div class=\"elementor-image-box-wrapper\"><figure class=\"elementor-image-box-img\"><a href=\"https:\/\/www.yorku.ca\/christo\/podcasts\/\" tabindex=\"-1\"><img loading=\"lazy\" decoding=\"async\" width=\"274\" height=\"279\" src=\"https:\/\/historiadapsicologia.com.br\/wp-content\/uploads\/2024\/01\/image-7-1.png\" class=\"attachment-full size-full wp-image-1196\" alt=\"\" \/><\/a><\/figure><div class=\"elementor-image-box-content\"><h4 class=\"elementor-image-box-title\"><a href=\"https:\/\/www.yorku.ca\/christo\/podcasts\/\">This Week in the History of Psychology<\/a><\/h4><p class=\"elementor-image-box-description\">Podcast em ingl\u00eas produzido pelo Prof. Christopher D. Green, da York University, no Canad\u00e1, sobre diversos assuntos da hist\u00f3ria da psicologia.\n\n\n<\/p><\/div><\/div>\t\t\t\t<\/div>\n\t\t\t\t<\/div>\n\t\t\t\t<\/div>\n\t\t\t\t\t<\/div>\n\t\t\t\t<\/div>\n\t\t\t\t<\/div>\n\t\t","protected":false},"excerpt":{"rendered":"<p>Recursos Audiovisuais Canais no YouTube Hist\u00f3ria da Psicologia TV Canal parte do Portal Hist\u00f3ria da Psicologia, que recebe o apoio da Universidade Federal Fluminense, atrav\u00e9s de sua Pr\u00f3-reitoria de Extens\u00e3o. Sociedade Brasileira de Hist\u00f3ria da Psicologia Canal no YouTube da SBHP, onde est\u00e3o guardadas palestras e confer\u00eancias ministradas durante o V Congresso Brasileiro de Hist\u00f3ria [&hellip;]<\/p>\n","protected":false},"author":2,"featured_media":0,"parent":0,"menu_order":0,"comment_status":"closed","ping_status":"closed","template":"","meta":{"_eb_attr":"","om_disable_all_campaigns":false,"_monsterinsights_skip_tracking":false,"_monsterinsights_sitenote_active":false,"_monsterinsights_sitenote_note":"","_monsterinsights_sitenote_category":0,"_uf_show_specific_survey":0,"_uf_disable_surveys":false,"site-sidebar-layout":"no-sidebar","site-content-layout":"","ast-site-content-layout":"full-width-container","site-content-style":"default","site-sidebar-style":"default","ast-global-header-display":"","ast-banner-title-visibility":"","ast-main-header-display":"","ast-hfb-above-header-display":"","ast-hfb-below-header-display":"","ast-hfb-mobile-header-display":"","site-post-title":"disabled","ast-breadcrumbs-content":"","ast-featured-img":"disabled","footer-sml-layout":"","theme-transparent-header-meta":"","adv-header-id-meta":"","stick-header-meta":"","header-above-stick-meta":"","header-main-stick-meta":"","header-below-stick-meta":"","astra-migrate-meta-layouts":"default","ast-page-background-enabled":"default","ast-page-background-meta":{"desktop":{"background-color":"var(--ast-global-color-4)","background-image":"","background-repeat":"repeat","background-position":"center center","background-size":"auto","background-attachment":"scroll","background-type":"","background-media":"","overlay-type":"","overlay-color":"","overlay-opacity":"","overlay-gradient":""},"tablet":{"background-color":"","background-image":"","background-repeat":"repeat","background-position":"center center","background-size":"auto","background-attachment":"scroll","background-type":"","background-media":"","overlay-type":"","overlay-color":"","overlay-opacity":"","overlay-gradient":""},"mobile":{"background-color":"","background-image":"","background-repeat":"repeat","background-position":"center center","background-size":"auto","background-attachment":"scroll","background-type":"","background-media":"","overlay-type":"","overlay-color":"","overlay-opacity":"","overlay-gradient":""}},"ast-content-background-meta":{"desktop":{"background-color":"var(--ast-global-color-5)","background-image":"","background-repeat":"repeat","background-position":"center center","background-size":"auto","background-attachment":"scroll","background-type":"","background-media":"","overlay-type":"","overlay-color":"","overlay-opacity":"","overlay-gradient":""},"tablet":{"background-color":"var(--ast-global-color-5)","background-image":"","background-repeat":"repeat","background-position":"center center","background-size":"auto","background-attachment":"scroll","background-type":"","background-media":"","overlay-type":"","overlay-color":"","overlay-opacity":"","overlay-gradient":""},"mobile":{"background-color":"var(--ast-global-color-5)","background-image":"","background-repeat":"repeat","background-position":"center center","background-size":"auto","background-attachment":"scroll","background-type":"","background-media":"","overlay-type":"","overlay-color":"","overlay-opacity":"","overlay-gradient":""}},"footnotes":""},"class_list":["post-95","page","type-page","status-publish","hentry"],"aioseo_notices":[],"_links":{"self":[{"href":"https:\/\/historiadapsicologia.com.br\/index.php\/wp-json\/wp\/v2\/pages\/95","targetHints":{"allow":["GET"]}}],"collection":[{"href":"https:\/\/historiadapsicologia.com.br\/index.php\/wp-json\/wp\/v2\/pages"}],"about":[{"href":"https:\/\/historiadapsicologia.com.br\/index.php\/wp-json\/wp\/v2\/types\/page"}],"author":[{"embeddable":true,"href":"https:\/\/historiadapsicologia.com.br\/index.php\/wp-json\/wp\/v2\/users\/2"}],"replies":[{"embeddable":true,"href":"https:\/\/historiadapsicologia.com.br\/index.php\/wp-json\/wp\/v2\/comments?post=95"}],"version-history":[{"count":73,"href":"https:\/\/historiadapsicologia.com.br\/index.php\/wp-json\/wp\/v2\/pages\/95\/revisions"}],"predecessor-version":[{"id":1349,"href":"https:\/\/historiadapsicologia.com.br\/index.php\/wp-json\/wp\/v2\/pages\/95\/revisions\/1349"}],"wp:attachment":[{"href":"https:\/\/historiadapsicologia.com.br\/index.php\/wp-json\/wp\/v2\/media?parent=95"}],"curies":[{"name":"wp","href":"https:\/\/api.w.org\/{rel}","templated":true}]}}